{"id":8958,"date":"2022-08-03T08:48:07","date_gmt":"2022-08-03T12:48:07","guid":{"rendered":"https:\/\/promine.com\/?page_id=8958"},"modified":"2022-09-01T09:18:19","modified_gmt":"2022-09-01T13:18:19","slug":"demande-de-licence-pour-etudiant","status":"publish","type":"page","link":"https:\/\/www.promine.com\/fr\/demande-de-licence-pour-etudiant\/","title":{"rendered":"Demande de licence pour \u00e9tudiant"},"content":{"rendered":"\t\t<div data-elementor-type=\"wp-page\" data-elementor-id=\"8958\" class=\"elementor elementor-8958 elementor-6467\" data-elementor-post-type=\"page\">\n\t\t\t\t\t\t<section class=\"elementor-section elementor-top-section elementor-element elementor-element-1b51bdad elementor-section-items-stretch elementor-section-height-min-height elementor-section-boxed elementor-section-height-default\" data-id=\"1b51bdad\" data-element_type=\"section\" data-settings=\"{&quot;background_background&quot;:&quot;gradient&quot;}\">\n\t\t\t\t\t\t<div class=\"elementor-container elementor-column-gap-default\">\n\t\t\t\t\t<div class=\"elementor-column elementor-col-50 elementor-top-column elementor-element elementor-element-647dda88\" data-id=\"647dda88\" data-element_type=\"column\">\n\t\t\t<div class=\"elementor-widget-wrap elementor-element-populated\">\n\t\t\t\t\t\t<div class=\"elementor-element elementor-element-4dcd83e3 elementor-widget elementor-widget-heading\" data-id=\"4dcd83e3\" data-element_type=\"widget\" data-widget_type=\"heading.default\">\n\t\t\t\t<div class=\"elementor-widget-container\">\n\t\t\t\t\t<h1 class=\"elementor-heading-title elementor-size-default\">Demande de licence pour \u00e9tudiant<\/h1>\t\t\t\t<\/div>\n\t\t\t\t<\/div>\n\t\t\t\t\t<\/div>\n\t\t<\/div>\n\t\t\t\t<div class=\"elementor-column elementor-col-50 elementor-top-column elementor-element elementor-element-2de70a3d\" data-id=\"2de70a3d\" data-element_type=\"column\">\n\t\t\t<div class=\"elementor-widget-wrap\">\n\t\t\t\t\t\t\t<\/div>\n\t\t<\/div>\n\t\t\t\t\t<\/div>\n\t\t<\/section>\n\t\t\t\t<section class=\"elementor-section elementor-top-section elementor-element elementor-element-4f748035 elementor-section-boxed elementor-section-height-default elementor-section-height-default\" data-id=\"4f748035\" data-element_type=\"section\">\n\t\t\t\t\t\t<div class=\"elementor-container elementor-column-gap-default\">\n\t\t\t\t\t<div class=\"elementor-column elementor-col-100 elementor-top-column elementor-element elementor-element-79e8d17b\" data-id=\"79e8d17b\" data-element_type=\"column\">\n\t\t\t<div class=\"elementor-widget-wrap elementor-element-populated\">\n\t\t\t\t\t\t<div class=\"elementor-element elementor-element-31319a3d elementor-widget elementor-widget-heading\" data-id=\"31319a3d\" data-element_type=\"widget\" data-widget_type=\"heading.default\">\n\t\t\t\t<div class=\"elementor-widget-container\">\n\t\t\t\t\t<h2 class=\"elementor-heading-title elementor-size-default\">Commencez \u00e0 appliquer vos connaissances aux logiciels<\/h2>\t\t\t\t<\/div>\n\t\t\t\t<\/div>\n\t\t\t\t<div class=\"elementor-element elementor-element-28fef4a4 elementor-widget elementor-widget-text-editor\" data-id=\"28fef4a4\" data-element_type=\"widget\" data-widget_type=\"text-editor.default\">\n\t\t\t\t<div class=\"elementor-widget-container\">\n\t\t\t\t\t\t\t\t\t<p>En remplissant le formulaire ci-dessous, vous acceptez les termes et conditions de la licence acad\u00e9mique pour \u00e9tudiants.<\/p>\t\t\t\t\t\t\t\t<\/div>\n\t\t\t\t<\/div>\n\t\t<div class=\"elementor-element elementor-element-aac3d71 e-flex e-con-boxed e-con e-parent\" data-id=\"aac3d71\" data-element_type=\"container\">\n\t\t\t\t\t<div class=\"e-con-inner\">\n\t\t\t\t<div class=\"elementor-element elementor-element-1da563b elementor-widget elementor-widget-heading\" data-id=\"1da563b\" data-element_type=\"widget\" data-widget_type=\"heading.default\">\n\t\t\t\t<div class=\"elementor-widget-container\">\n\t\t\t\t\t<h2 class=\"elementor-heading-title elementor-size-default\">Termes et conditions :<\/h2>\t\t\t\t<\/div>\n\t\t\t\t<\/div>\n\t\t\t\t<div class=\"elementor-element elementor-element-4c850e3 elementor-align-left elementor-icon-list--layout-traditional elementor-list-item-link-full_width elementor-widget elementor-widget-icon-list\" data-id=\"4c850e3\" data-element_type=\"widget\" data-widget_type=\"icon-list.default\">\n\t\t\t\t<div class=\"elementor-widget-container\">\n\t\t\t\t\t\t\t<ul class=\"elementor-icon-list-items\">\n\t\t\t\t\t\t\t<li class=\"elementor-icon-list-item\">\n\t\t\t\t\t\t\t\t\t\t\t<span class=\"elementor-icon-list-icon\">\n\t\t\t\t\t\t\t<i aria-hidden=\"true\" class=\"fas fa-arrow-circle-right\"><\/i>\t\t\t\t\t\t<\/span>\n\t\t\t\t\t\t\t\t\t\t<span class=\"elementor-icon-list-text\">Une licence pour \u00e9tudiants est uniquement disponible pour les \u00e9tudiants inscrits dans des universit\u00e9s qui participent \u00e0 notre programme acad\u00e9mique.<\/span>\n\t\t\t\t\t\t\t\t\t<\/li>\n\t\t\t\t\t\t\t\t<li class=\"elementor-icon-list-item\">\n\t\t\t\t\t\t\t\t\t\t\t<span class=\"elementor-icon-list-icon\">\n\t\t\t\t\t\t\t<i aria-hidden=\"true\" class=\"fas fa-arrow-circle-right\"><\/i>\t\t\t\t\t\t<\/span>\n\t\t\t\t\t\t\t\t\t\t<span class=\"elementor-icon-list-text\">Apr\u00e8s approbation de la licence, le demandeur ne peut l'utiliser qu'\u00e0 des fins acad\u00e9miques.<\/span>\n\t\t\t\t\t\t\t\t\t<\/li>\n\t\t\t\t\t\t\t\t<li class=\"elementor-icon-list-item\">\n\t\t\t\t\t\t\t\t\t\t\t<span class=\"elementor-icon-list-icon\">\n\t\t\t\t\t\t\t<i aria-hidden=\"true\" class=\"fas fa-arrow-circle-right\"><\/i>\t\t\t\t\t\t<\/span>\n\t\t\t\t\t\t\t\t\t\t<span class=\"elementor-icon-list-text\">Apr\u00e8s approbation, le demandeur ne peut pas utiliser la licence pour effectuer des travaux professionnels, tels que la conception de mines pour une entreprise, des travaux de consultation professionnelle ou tout autre type de travail que Promine consid\u00e8re comme ne relevant pas du domaine universitaire.<\/span>\n\t\t\t\t\t\t\t\t\t<\/li>\n\t\t\t\t\t\t\t\t<li class=\"elementor-icon-list-item\">\n\t\t\t\t\t\t\t\t\t\t\t<span class=\"elementor-icon-list-icon\">\n\t\t\t\t\t\t\t<i aria-hidden=\"true\" class=\"fas fa-arrow-circle-right\"><\/i>\t\t\t\t\t\t<\/span>\n\t\t\t\t\t\t\t\t\t\t<span class=\"elementor-icon-list-text\">En cas de non-respect des exigences, Promine se r\u00e9serve le droit de r\u00e9silier imm\u00e9diatement la licence sans avertissement.<\/span>\n\t\t\t\t\t\t\t\t\t<\/li>\n\t\t\t\t\t\t\t\t<li class=\"elementor-icon-list-item\">\n\t\t\t\t\t\t\t\t\t\t\t<span class=\"elementor-icon-list-icon\">\n\t\t\t\t\t\t\t<i aria-hidden=\"true\" class=\"fas fa-arrow-circle-right\"><\/i>\t\t\t\t\t\t<\/span>\n\t\t\t\t\t\t\t\t\t\t<span class=\"elementor-icon-list-text\">La licence \u00e9tudiant ne comprend pas de support ni d'acc\u00e8s au portail client.<\/span>\n\t\t\t\t\t\t\t\t\t<\/li>\n\t\t\t\t\t\t\t\t<li class=\"elementor-icon-list-item\">\n\t\t\t\t\t\t\t\t\t\t\t<span class=\"elementor-icon-list-icon\">\n\t\t\t\t\t\t\t<i aria-hidden=\"true\" class=\"fas fa-arrow-circle-right\"><\/i>\t\t\t\t\t\t<\/span>\n\t\t\t\t\t\t\t\t\t\t<span class=\"elementor-icon-list-text\">En remplissant ce formulaire, le demandeur accepte que les informations fournies soient vraies. En cliquant sur \"Soumettre\", le demandeur comprend que de fausses informations peuvent entra\u00eener la r\u00e9siliation de la licence sans avertissement. Promine se r\u00e9serve \u00e9galement le droit de refuser toute autre demande de ce demandeur si les informations fournies sont fausses.<\/span>\n\t\t\t\t\t\t\t\t\t<\/li>\n\t\t\t\t\t\t<\/ul>\n\t\t\t\t\t\t<\/div>\n\t\t\t\t<\/div>\n\t\t\t\t\t<\/div>\n\t\t\t\t<\/div>\n\t\t\t\t\t<\/div>\n\t\t<\/div>\n\t\t\t\t\t<\/div>\n\t\t<\/section>\n\t\t<div class=\"elementor-element elementor-element-34f7bad e-flex e-con-boxed e-con e-parent\" data-id=\"34f7bad\" data-element_type=\"container\">\n\t\t\t\t\t<div class=\"e-con-inner\">\n\t\t\t\t\t<\/div>\n\t\t\t\t<\/div>\n\t\t\t\t<\/div>\n\t\t","protected":false},"excerpt":{"rendered":"<p>Demande de licence pour \u00e9tudiant Commencez \u00e0 appliquer vos connaissances aux logiciels En remplissant le formulaire ci-dessous, vous acceptez les termes et conditions de la licence acad\u00e9mique pour \u00e9tudiants. Termes et conditions : Une licence pour \u00e9tudiants est uniquement disponible pour les \u00e9tudiants inscrits dans des universit\u00e9s qui participent \u00e0 notre programme acad\u00e9mique. Apr\u00e8s approbation [&hellip;]<\/p>\n","protected":false},"author":1,"featured_media":0,"parent":0,"menu_order":0,"comment_status":"closed","ping_status":"closed","template":"","meta":{"_acf_changed":false,"footnotes":""},"class_list":["post-8958","page","type-page","status-publish","hentry"],"acf":[],"yoast_head":"<!-- This site is optimized with the Yoast SEO plugin v24.0 - https:\/\/yoast.com\/wordpress\/plugins\/seo\/ -->\n<title>Demande de licence pour \u00e9tudiant - Promine<\/title>\n<meta name=\"robots\" content=\"index, follow, max-snippet:-1, max-image-preview:large, max-video-preview:-1\" \/>\n<link rel=\"canonical\" href=\"https:\/\/www.promine.com\/fr\/demande-de-licence-pour-etudiant\/\" \/>\n<meta property=\"og:locale\" content=\"fr_FR\" \/>\n<meta property=\"og:type\" content=\"article\" \/>\n<meta property=\"og:title\" content=\"Demande de licence pour \u00e9tudiant - Promine\" \/>\n<meta property=\"og:description\" content=\"Demande de licence pour \u00e9tudiant Commencez \u00e0 appliquer vos connaissances aux logiciels En remplissant le formulaire ci-dessous, vous acceptez les termes et conditions de la licence acad\u00e9mique pour \u00e9tudiants. Termes et conditions : Une licence pour \u00e9tudiants est uniquement disponible pour les \u00e9tudiants inscrits dans des universit\u00e9s qui participent \u00e0 notre programme acad\u00e9mique. Apr\u00e8s approbation [&hellip;]\" \/>\n<meta property=\"og:url\" content=\"https:\/\/www.promine.com\/fr\/demande-de-licence-pour-etudiant\/\" \/>\n<meta property=\"og:site_name\" content=\"Promine\" \/>\n<meta property=\"article:publisher\" content=\"https:\/\/www.facebook.com\/promineinc\/\" \/>\n<meta property=\"article:modified_time\" content=\"2022-09-01T13:18:19+00:00\" \/>\n<meta name=\"twitter:card\" content=\"summary_large_image\" \/>\n<meta name=\"twitter:label1\" content=\"Dur\u00e9e de lecture estim\u00e9e\" \/>\n\t<meta name=\"twitter:data1\" content=\"1 minute\" \/>\n<script type=\"application\/ld+json\" class=\"yoast-schema-graph\">{\"@context\":\"https:\/\/schema.org\",\"@graph\":[{\"@type\":\"WebPage\",\"@id\":\"https:\/\/www.promine.com\/fr\/demande-de-licence-pour-etudiant\/\",\"url\":\"https:\/\/www.promine.com\/fr\/demande-de-licence-pour-etudiant\/\",\"name\":\"Demande de licence pour \u00e9tudiant - Promine\",\"isPartOf\":{\"@id\":\"https:\/\/www.promine.com\/fr\/#website\"},\"datePublished\":\"2022-08-03T12:48:07+00:00\",\"dateModified\":\"2022-09-01T13:18:19+00:00\",\"breadcrumb\":{\"@id\":\"https:\/\/www.promine.com\/fr\/demande-de-licence-pour-etudiant\/#breadcrumb\"},\"inLanguage\":\"fr-FR\",\"potentialAction\":[{\"@type\":\"ReadAction\",\"target\":[\"https:\/\/www.promine.com\/fr\/demande-de-licence-pour-etudiant\/\"]}]},{\"@type\":\"BreadcrumbList\",\"@id\":\"https:\/\/www.promine.com\/fr\/demande-de-licence-pour-etudiant\/#breadcrumb\",\"itemListElement\":[{\"@type\":\"ListItem\",\"position\":1,\"name\":\"Home\",\"item\":\"https:\/\/www.promine.com\/fr\/\"},{\"@type\":\"ListItem\",\"position\":2,\"name\":\"Demande de licence pour \u00e9tudiant\"}]},{\"@type\":\"WebSite\",\"@id\":\"https:\/\/www.promine.com\/fr\/#website\",\"url\":\"https:\/\/www.promine.com\/fr\/\",\"name\":\"Promine\",\"description\":\"Solutions for Everyday Mining\",\"publisher\":{\"@id\":\"https:\/\/www.promine.com\/fr\/#organization\"},\"potentialAction\":[{\"@type\":\"SearchAction\",\"target\":{\"@type\":\"EntryPoint\",\"urlTemplate\":\"https:\/\/www.promine.com\/fr\/?s={search_term_string}\"},\"query-input\":{\"@type\":\"PropertyValueSpecification\",\"valueRequired\":true,\"valueName\":\"search_term_string\"}}],\"inLanguage\":\"fr-FR\"},{\"@type\":\"Organization\",\"@id\":\"https:\/\/www.promine.com\/fr\/#organization\",\"name\":\"Promine\",\"url\":\"https:\/\/www.promine.com\/fr\/\",\"logo\":{\"@type\":\"ImageObject\",\"inLanguage\":\"fr-FR\",\"@id\":\"https:\/\/www.promine.com\/fr\/#\/schema\/logo\/image\/\",\"url\":\"https:\/\/www.promine.com\/wp-content\/uploads\/2022\/06\/Promine_Solo_Original_PNG.png\",\"contentUrl\":\"https:\/\/www.promine.com\/wp-content\/uploads\/2022\/06\/Promine_Solo_Original_PNG.png\",\"width\":3576,\"height\":407,\"caption\":\"Promine\"},\"image\":{\"@id\":\"https:\/\/www.promine.com\/fr\/#\/schema\/logo\/image\/\"},\"sameAs\":[\"https:\/\/www.facebook.com\/promineinc\/\"]}]}<\/script>\n<!-- \/ Yoast SEO plugin. -->","yoast_head_json":{"title":"Demande de licence pour \u00e9tudiant - Promine","robots":{"index":"index","follow":"follow","max-snippet":"max-snippet:-1","max-image-preview":"max-image-preview:large","max-video-preview":"max-video-preview:-1"},"canonical":"https:\/\/www.promine.com\/fr\/demande-de-licence-pour-etudiant\/","og_locale":"fr_FR","og_type":"article","og_title":"Demande de licence pour \u00e9tudiant - Promine","og_description":"Demande de licence pour \u00e9tudiant Commencez \u00e0 appliquer vos connaissances aux logiciels En remplissant le formulaire ci-dessous, vous acceptez les termes et conditions de la licence acad\u00e9mique pour \u00e9tudiants. Termes et conditions : Une licence pour \u00e9tudiants est uniquement disponible pour les \u00e9tudiants inscrits dans des universit\u00e9s qui participent \u00e0 notre programme acad\u00e9mique. Apr\u00e8s approbation [&hellip;]","og_url":"https:\/\/www.promine.com\/fr\/demande-de-licence-pour-etudiant\/","og_site_name":"Promine","article_publisher":"https:\/\/www.facebook.com\/promineinc\/","article_modified_time":"2022-09-01T13:18:19+00:00","twitter_card":"summary_large_image","twitter_misc":{"Dur\u00e9e de lecture estim\u00e9e":"1 minute"},"schema":{"@context":"https:\/\/schema.org","@graph":[{"@type":"WebPage","@id":"https:\/\/www.promine.com\/fr\/demande-de-licence-pour-etudiant\/","url":"https:\/\/www.promine.com\/fr\/demande-de-licence-pour-etudiant\/","name":"Demande de licence pour \u00e9tudiant - Promine","isPartOf":{"@id":"https:\/\/www.promine.com\/fr\/#website"},"datePublished":"2022-08-03T12:48:07+00:00","dateModified":"2022-09-01T13:18:19+00:00","breadcrumb":{"@id":"https:\/\/www.promine.com\/fr\/demande-de-licence-pour-etudiant\/#breadcrumb"},"inLanguage":"fr-FR","potentialAction":[{"@type":"ReadAction","target":["https:\/\/www.promine.com\/fr\/demande-de-licence-pour-etudiant\/"]}]},{"@type":"BreadcrumbList","@id":"https:\/\/www.promine.com\/fr\/demande-de-licence-pour-etudiant\/#breadcrumb","itemListElement":[{"@type":"ListItem","position":1,"name":"Home","item":"https:\/\/www.promine.com\/fr\/"},{"@type":"ListItem","position":2,"name":"Demande de licence pour \u00e9tudiant"}]},{"@type":"WebSite","@id":"https:\/\/www.promine.com\/fr\/#website","url":"https:\/\/www.promine.com\/fr\/","name":"Promine","description":"Solutions for Everyday Mining","publisher":{"@id":"https:\/\/www.promine.com\/fr\/#organization"},"potentialAction":[{"@type":"SearchAction","target":{"@type":"EntryPoint","urlTemplate":"https:\/\/www.promine.com\/fr\/?s={search_term_string}"},"query-input":{"@type":"PropertyValueSpecification","valueRequired":true,"valueName":"search_term_string"}}],"inLanguage":"fr-FR"},{"@type":"Organization","@id":"https:\/\/www.promine.com\/fr\/#organization","name":"Promine","url":"https:\/\/www.promine.com\/fr\/","logo":{"@type":"ImageObject","inLanguage":"fr-FR","@id":"https:\/\/www.promine.com\/fr\/#\/schema\/logo\/image\/","url":"https:\/\/www.promine.com\/wp-content\/uploads\/2022\/06\/Promine_Solo_Original_PNG.png","contentUrl":"https:\/\/www.promine.com\/wp-content\/uploads\/2022\/06\/Promine_Solo_Original_PNG.png","width":3576,"height":407,"caption":"Promine"},"image":{"@id":"https:\/\/www.promine.com\/fr\/#\/schema\/logo\/image\/"},"sameAs":["https:\/\/www.facebook.com\/promineinc\/"]}]}},"_links":{"self":[{"href":"https:\/\/www.promine.com\/fr\/wp-json\/wp\/v2\/pages\/8958","targetHints":{"allow":["GET"]}}],"collection":[{"href":"https:\/\/www.promine.com\/fr\/wp-json\/wp\/v2\/pages"}],"about":[{"href":"https:\/\/www.promine.com\/fr\/wp-json\/wp\/v2\/types\/page"}],"author":[{"embeddable":true,"href":"https:\/\/www.promine.com\/fr\/wp-json\/wp\/v2\/users\/1"}],"replies":[{"embeddable":true,"href":"https:\/\/www.promine.com\/fr\/wp-json\/wp\/v2\/comments?post=8958"}],"version-history":[{"count":16,"href":"https:\/\/www.promine.com\/fr\/wp-json\/wp\/v2\/pages\/8958\/revisions"}],"predecessor-version":[{"id":9036,"href":"https:\/\/www.promine.com\/fr\/wp-json\/wp\/v2\/pages\/8958\/revisions\/9036"}],"wp:attachment":[{"href":"https:\/\/www.promine.com\/fr\/wp-json\/wp\/v2\/media?parent=8958"}],"curies":[{"name":"wp","href":"https:\/\/api.w.org\/{rel}","templated":true}]}}