{"id":4771,"date":"2022-06-27T17:33:58","date_gmt":"2022-06-27T21:33:58","guid":{"rendered":"https:\/\/ec2-3-214-184-111.compute-1.amazonaws.com\/?page_id=4771"},"modified":"2022-11-04T08:17:38","modified_gmt":"2022-11-04T12:17:38","slug":"services","status":"publish","type":"page","link":"https:\/\/www.promine.com\/fr\/services\/","title":{"rendered":"Services"},"content":{"rendered":"\t\t<div data-elementor-type=\"wp-page\" data-elementor-id=\"4771\" class=\"elementor elementor-4771 elementor-77\" data-elementor-post-type=\"page\">\n\t\t\t\t\t\t<section class=\"elementor-section elementor-top-section elementor-element elementor-element-3b0d2205 elementor-section-height-min-height elementor-section-boxed elementor-section-height-default elementor-section-items-middle\" data-id=\"3b0d2205\" data-element_type=\"section\" data-settings=\"{&quot;background_background&quot;:&quot;gradient&quot;}\">\n\t\t\t\t\t\t<div class=\"elementor-container elementor-column-gap-default\">\n\t\t\t\t\t<div class=\"elementor-column elementor-col-50 elementor-top-column elementor-element elementor-element-127f9a67\" data-id=\"127f9a67\" data-element_type=\"column\">\n\t\t\t<div class=\"elementor-widget-wrap elementor-element-populated\">\n\t\t\t\t\t\t<div class=\"elementor-element elementor-element-591e3a6c elementor-widget elementor-widget-heading\" data-id=\"591e3a6c\" data-element_type=\"widget\" data-widget_type=\"heading.default\">\n\t\t\t\t<div class=\"elementor-widget-container\">\n\t\t\t\t\t<h1 class=\"elementor-heading-title elementor-size-default\">Services<\/h1>\t\t\t\t<\/div>\n\t\t\t\t<\/div>\n\t\t\t\t<div class=\"elementor-element elementor-element-1c2cbbd6 elementor-widget elementor-widget-text-editor\" data-id=\"1c2cbbd6\" data-element_type=\"widget\" data-widget_type=\"text-editor.default\">\n\t\t\t\t<div class=\"elementor-widget-container\">\n\t\t\t\t\t\t\t\t\t<div class=\"et_pb_column et_pb_column_3_5 et_pb_column_0 et_pb_css_mix_blend_mode_passthrough\"><div class=\"et_pb_module et_pb_text et_pb_text_0 et_pb_text_align_left et_pb_bg_layout_dark\"><div class=\"et_pb_text_inner\"><p>\u00c9largir l&rsquo;acc\u00e8s au logiciel pour vous offrir davantage d&rsquo;apprentissage et de solutions.<\/p><\/div><\/div><\/div>\t\t\t\t\t\t\t\t<\/div>\n\t\t\t\t<\/div>\n\t\t\t\t\t<\/div>\n\t\t<\/div>\n\t\t\t\t<div class=\"elementor-column elementor-col-50 elementor-top-column elementor-element elementor-element-715c2a44\" data-id=\"715c2a44\" data-element_type=\"column\">\n\t\t\t<div class=\"elementor-widget-wrap\">\n\t\t\t\t\t\t\t<\/div>\n\t\t<\/div>\n\t\t\t\t\t<\/div>\n\t\t<\/section>\n\t\t\t\t<section class=\"elementor-section elementor-top-section elementor-element elementor-element-2d2819a1 elementor-section-boxed elementor-section-height-default elementor-section-height-default\" data-id=\"2d2819a1\" data-element_type=\"section\">\n\t\t\t\t\t\t<div class=\"elementor-container elementor-column-gap-default\">\n\t\t\t\t\t<div class=\"elementor-column elementor-col-100 elementor-top-column elementor-element elementor-element-75bb7101\" data-id=\"75bb7101\" data-element_type=\"column\">\n\t\t\t<div class=\"elementor-widget-wrap elementor-element-populated\">\n\t\t\t\t\t\t<div class=\"elementor-element elementor-element-3103fd79 elementor-widget elementor-widget-heading\" data-id=\"3103fd79\" data-element_type=\"widget\" data-widget_type=\"heading.default\">\n\t\t\t\t<div class=\"elementor-widget-container\">\n\t\t\t\t\t<h2 class=\"elementor-heading-title elementor-size-default\">Le programme acad\u00e9mique de Promine<\/h2>\t\t\t\t<\/div>\n\t\t\t\t<\/div>\n\t\t\t\t<div class=\"elementor-element elementor-element-3ab02b17 elementor-widget elementor-widget-text-editor\" data-id=\"3ab02b17\" data-element_type=\"widget\" data-widget_type=\"text-editor.default\">\n\t\t\t\t<div class=\"elementor-widget-container\">\n\t\t\t\t\t\t\t\t\t<p>Plus de 50 universit\u00e9s sont actuellement inscrites au programme acad\u00e9mique de Promine. Les professeurs et les \u00e9tudiants ont un acc\u00e8s complet au logiciel Promine et \u00e0 ses fonctionnalit\u00e9s.<\/p><p>Pour en savoir plus sur le programme acad\u00e9mique, cliquez sur le bouton ci-dessous.<\/p>\t\t\t\t\t\t\t\t<\/div>\n\t\t\t\t<\/div>\n\t\t\t\t<div class=\"elementor-element elementor-element-636f5a62 elementor-widget elementor-widget-button\" data-id=\"636f5a62\" data-element_type=\"widget\" data-widget_type=\"button.default\">\n\t\t\t\t<div class=\"elementor-widget-container\">\n\t\t\t\t\t\t\t\t\t<div class=\"elementor-button-wrapper\">\n\t\t\t\t\t<a class=\"elementor-button elementor-button-link elementor-size-sm elementor-animation-shrink\" href=\"https:\/\/www.promine.com\/fr\/a-propos\/academique\/\">\n\t\t\t\t\t\t<span class=\"elementor-button-content-wrapper\">\n\t\t\t\t\t\t\t\t\t<span class=\"elementor-button-text\">En savoir plus sur le programme acad\u00e9mique<\/span>\n\t\t\t\t\t<\/span>\n\t\t\t\t\t<\/a>\n\t\t\t\t<\/div>\n\t\t\t\t\t\t\t\t<\/div>\n\t\t\t\t<\/div>\n\t\t\t\t\t<\/div>\n\t\t<\/div>\n\t\t\t\t\t<\/div>\n\t\t<\/section>\n\t\t\t\t<section class=\"elementor-section elementor-top-section elementor-element elementor-element-556ae281 elementor-section-boxed elementor-section-height-default elementor-section-height-default\" data-id=\"556ae281\" data-element_type=\"section\">\n\t\t\t\t\t\t<div class=\"elementor-container elementor-column-gap-default\">\n\t\t\t\t\t<div class=\"elementor-column elementor-col-100 elementor-top-column elementor-element elementor-element-6e66174e\" data-id=\"6e66174e\" data-element_type=\"column\">\n\t\t\t<div class=\"elementor-widget-wrap elementor-element-populated\">\n\t\t\t\t\t\t<div class=\"elementor-element elementor-element-2cc77151 elementor-widget elementor-widget-heading\" data-id=\"2cc77151\" data-element_type=\"widget\" data-widget_type=\"heading.default\">\n\t\t\t\t<div class=\"elementor-widget-container\">\n\t\t\t\t\t<h2 class=\"elementor-heading-title elementor-size-default\">Services de consultation<\/h2>\t\t\t\t<\/div>\n\t\t\t\t<\/div>\n\t\t\t\t<div class=\"elementor-element elementor-element-595eb9e elementor-widget elementor-widget-button\" data-id=\"595eb9e\" data-element_type=\"widget\" data-widget_type=\"button.default\">\n\t\t\t\t<div class=\"elementor-widget-container\">\n\t\t\t\t\t\t\t\t\t<div class=\"elementor-button-wrapper\">\n\t\t\t\t\t<a class=\"elementor-button elementor-size-sm elementor-animation-shrink\" role=\"button\">\n\t\t\t\t\t\t<span class=\"elementor-button-content-wrapper\">\n\t\t\t\t\t\t\t\t\t<span class=\"elementor-button-text\">En savoir plus sur la consultation<\/span>\n\t\t\t\t\t<\/span>\n\t\t\t\t\t<\/a>\n\t\t\t\t<\/div>\n\t\t\t\t\t\t\t\t<\/div>\n\t\t\t\t<\/div>\n\t\t\t\t\t<\/div>\n\t\t<\/div>\n\t\t\t\t\t<\/div>\n\t\t<\/section>\n\t\t\t\t<\/div>\n\t\t","protected":false},"excerpt":{"rendered":"<p>Services \u00c9largir l&rsquo;acc\u00e8s au logiciel pour vous offrir davantage d&rsquo;apprentissage et de solutions. Le programme acad\u00e9mique de Promine Plus de 50 universit\u00e9s sont actuellement inscrites au programme acad\u00e9mique de Promine. Les professeurs et les \u00e9tudiants ont un acc\u00e8s complet au logiciel Promine et \u00e0 ses fonctionnalit\u00e9s. Pour en savoir plus sur le programme acad\u00e9mique, cliquez [&hellip;]<\/p>\n","protected":false},"author":1,"featured_media":11033,"parent":0,"menu_order":0,"comment_status":"closed","ping_status":"closed","template":"","meta":{"_acf_changed":false,"footnotes":""},"class_list":["post-4771","page","type-page","status-publish","has-post-thumbnail","hentry"],"acf":[],"yoast_head":"<!-- This site is optimized with the Yoast SEO plugin v24.0 - https:\/\/yoast.com\/wordpress\/plugins\/seo\/ -->\n<title>Services - Promine<\/title>\n<meta name=\"robots\" content=\"index, follow, max-snippet:-1, max-image-preview:large, max-video-preview:-1\" \/>\n<link rel=\"canonical\" href=\"https:\/\/www.promine.com\/fr\/services\/\" \/>\n<meta property=\"og:locale\" content=\"fr_FR\" \/>\n<meta property=\"og:type\" content=\"article\" \/>\n<meta property=\"og:title\" content=\"Services - Promine\" \/>\n<meta property=\"og:description\" content=\"Services \u00c9largir l&rsquo;acc\u00e8s au logiciel pour vous offrir davantage d&rsquo;apprentissage et de solutions. Le programme acad\u00e9mique de Promine Plus de 50 universit\u00e9s sont actuellement inscrites au programme acad\u00e9mique de Promine. Les professeurs et les \u00e9tudiants ont un acc\u00e8s complet au logiciel Promine et \u00e0 ses fonctionnalit\u00e9s. Pour en savoir plus sur le programme acad\u00e9mique, cliquez [&hellip;]\" \/>\n<meta property=\"og:url\" content=\"https:\/\/www.promine.com\/fr\/services\/\" \/>\n<meta property=\"og:site_name\" content=\"Promine\" \/>\n<meta property=\"article:publisher\" content=\"https:\/\/www.facebook.com\/promineinc\/\" \/>\n<meta property=\"article:modified_time\" content=\"2022-11-04T12:17:38+00:00\" \/>\n<meta property=\"og:image\" content=\"https:\/\/www.promine.com\/wp-content\/uploads\/2022\/10\/M-promine.png\" \/>\n\t<meta property=\"og:image:width\" content=\"93\" \/>\n\t<meta property=\"og:image:height\" content=\"92\" \/>\n\t<meta property=\"og:image:type\" content=\"image\/png\" \/>\n<meta name=\"twitter:card\" content=\"summary_large_image\" \/>\n<meta name=\"twitter:label1\" content=\"Dur\u00e9e de lecture estim\u00e9e\" \/>\n\t<meta name=\"twitter:data1\" content=\"1 minute\" \/>\n<script type=\"application\/ld+json\" class=\"yoast-schema-graph\">{\"@context\":\"https:\/\/schema.org\",\"@graph\":[{\"@type\":\"WebPage\",\"@id\":\"https:\/\/www.promine.com\/fr\/services\/\",\"url\":\"https:\/\/www.promine.com\/fr\/services\/\",\"name\":\"Services - Promine\",\"isPartOf\":{\"@id\":\"https:\/\/promine.com\/#website\"},\"primaryImageOfPage\":{\"@id\":\"https:\/\/www.promine.com\/fr\/services\/#primaryimage\"},\"image\":{\"@id\":\"https:\/\/www.promine.com\/fr\/services\/#primaryimage\"},\"thumbnailUrl\":\"https:\/\/www.promine.com\/wp-content\/uploads\/2022\/10\/M-promine.png\",\"datePublished\":\"2022-06-27T21:33:58+00:00\",\"dateModified\":\"2022-11-04T12:17:38+00:00\",\"breadcrumb\":{\"@id\":\"https:\/\/www.promine.com\/fr\/services\/#breadcrumb\"},\"inLanguage\":\"fr-FR\",\"potentialAction\":[{\"@type\":\"ReadAction\",\"target\":[\"https:\/\/www.promine.com\/fr\/services\/\"]}]},{\"@type\":\"ImageObject\",\"inLanguage\":\"fr-FR\",\"@id\":\"https:\/\/www.promine.com\/fr\/services\/#primaryimage\",\"url\":\"https:\/\/www.promine.com\/wp-content\/uploads\/2022\/10\/M-promine.png\",\"contentUrl\":\"https:\/\/www.promine.com\/wp-content\/uploads\/2022\/10\/M-promine.png\",\"width\":93,\"height\":92,\"caption\":\"Promine - Logo \\\"M\\\"\"},{\"@type\":\"BreadcrumbList\",\"@id\":\"https:\/\/www.promine.com\/fr\/services\/#breadcrumb\",\"itemListElement\":[{\"@type\":\"ListItem\",\"position\":1,\"name\":\"Home\",\"item\":\"https:\/\/www.promine.com\/fr\/\"},{\"@type\":\"ListItem\",\"position\":2,\"name\":\"Services\"}]},{\"@type\":\"WebSite\",\"@id\":\"https:\/\/promine.com\/#website\",\"url\":\"https:\/\/promine.com\/\",\"name\":\"Promine\",\"description\":\"Solutions for Everyday Mining\",\"publisher\":{\"@id\":\"https:\/\/promine.com\/#organization\"},\"potentialAction\":[{\"@type\":\"SearchAction\",\"target\":{\"@type\":\"EntryPoint\",\"urlTemplate\":\"https:\/\/promine.com\/?s={search_term_string}\"},\"query-input\":{\"@type\":\"PropertyValueSpecification\",\"valueRequired\":true,\"valueName\":\"search_term_string\"}}],\"inLanguage\":\"fr-FR\"},{\"@type\":\"Organization\",\"@id\":\"https:\/\/promine.com\/#organization\",\"name\":\"Promine\",\"url\":\"https:\/\/promine.com\/\",\"logo\":{\"@type\":\"ImageObject\",\"inLanguage\":\"fr-FR\",\"@id\":\"https:\/\/promine.com\/#\/schema\/logo\/image\/\",\"url\":\"https:\/\/www.promine.com\/wp-content\/uploads\/2022\/06\/Promine_Solo_Original_PNG.png\",\"contentUrl\":\"https:\/\/www.promine.com\/wp-content\/uploads\/2022\/06\/Promine_Solo_Original_PNG.png\",\"width\":3576,\"height\":407,\"caption\":\"Promine\"},\"image\":{\"@id\":\"https:\/\/promine.com\/#\/schema\/logo\/image\/\"},\"sameAs\":[\"https:\/\/www.facebook.com\/promineinc\/\"]}]}<\/script>\n<!-- \/ Yoast SEO plugin. -->","yoast_head_json":{"title":"Services - Promine","robots":{"index":"index","follow":"follow","max-snippet":"max-snippet:-1","max-image-preview":"max-image-preview:large","max-video-preview":"max-video-preview:-1"},"canonical":"https:\/\/www.promine.com\/fr\/services\/","og_locale":"fr_FR","og_type":"article","og_title":"Services - Promine","og_description":"Services \u00c9largir l&rsquo;acc\u00e8s au logiciel pour vous offrir davantage d&rsquo;apprentissage et de solutions. Le programme acad\u00e9mique de Promine Plus de 50 universit\u00e9s sont actuellement inscrites au programme acad\u00e9mique de Promine. Les professeurs et les \u00e9tudiants ont un acc\u00e8s complet au logiciel Promine et \u00e0 ses fonctionnalit\u00e9s. Pour en savoir plus sur le programme acad\u00e9mique, cliquez [&hellip;]","og_url":"https:\/\/www.promine.com\/fr\/services\/","og_site_name":"Promine","article_publisher":"https:\/\/www.facebook.com\/promineinc\/","article_modified_time":"2022-11-04T12:17:38+00:00","og_image":[{"width":93,"height":92,"url":"https:\/\/www.promine.com\/wp-content\/uploads\/2022\/10\/M-promine.png","type":"image\/png"}],"twitter_card":"summary_large_image","twitter_misc":{"Dur\u00e9e de lecture estim\u00e9e":"1 minute"},"schema":{"@context":"https:\/\/schema.org","@graph":[{"@type":"WebPage","@id":"https:\/\/www.promine.com\/fr\/services\/","url":"https:\/\/www.promine.com\/fr\/services\/","name":"Services - Promine","isPartOf":{"@id":"https:\/\/promine.com\/#website"},"primaryImageOfPage":{"@id":"https:\/\/www.promine.com\/fr\/services\/#primaryimage"},"image":{"@id":"https:\/\/www.promine.com\/fr\/services\/#primaryimage"},"thumbnailUrl":"https:\/\/www.promine.com\/wp-content\/uploads\/2022\/10\/M-promine.png","datePublished":"2022-06-27T21:33:58+00:00","dateModified":"2022-11-04T12:17:38+00:00","breadcrumb":{"@id":"https:\/\/www.promine.com\/fr\/services\/#breadcrumb"},"inLanguage":"fr-FR","potentialAction":[{"@type":"ReadAction","target":["https:\/\/www.promine.com\/fr\/services\/"]}]},{"@type":"ImageObject","inLanguage":"fr-FR","@id":"https:\/\/www.promine.com\/fr\/services\/#primaryimage","url":"https:\/\/www.promine.com\/wp-content\/uploads\/2022\/10\/M-promine.png","contentUrl":"https:\/\/www.promine.com\/wp-content\/uploads\/2022\/10\/M-promine.png","width":93,"height":92,"caption":"Promine - Logo \"M\""},{"@type":"BreadcrumbList","@id":"https:\/\/www.promine.com\/fr\/services\/#breadcrumb","itemListElement":[{"@type":"ListItem","position":1,"name":"Home","item":"https:\/\/www.promine.com\/fr\/"},{"@type":"ListItem","position":2,"name":"Services"}]},{"@type":"WebSite","@id":"https:\/\/promine.com\/#website","url":"https:\/\/promine.com\/","name":"Promine","description":"Solutions for Everyday Mining","publisher":{"@id":"https:\/\/promine.com\/#organization"},"potentialAction":[{"@type":"SearchAction","target":{"@type":"EntryPoint","urlTemplate":"https:\/\/promine.com\/?s={search_term_string}"},"query-input":{"@type":"PropertyValueSpecification","valueRequired":true,"valueName":"search_term_string"}}],"inLanguage":"fr-FR"},{"@type":"Organization","@id":"https:\/\/promine.com\/#organization","name":"Promine","url":"https:\/\/promine.com\/","logo":{"@type":"ImageObject","inLanguage":"fr-FR","@id":"https:\/\/promine.com\/#\/schema\/logo\/image\/","url":"https:\/\/www.promine.com\/wp-content\/uploads\/2022\/06\/Promine_Solo_Original_PNG.png","contentUrl":"https:\/\/www.promine.com\/wp-content\/uploads\/2022\/06\/Promine_Solo_Original_PNG.png","width":3576,"height":407,"caption":"Promine"},"image":{"@id":"https:\/\/promine.com\/#\/schema\/logo\/image\/"},"sameAs":["https:\/\/www.facebook.com\/promineinc\/"]}]}},"_links":{"self":[{"href":"https:\/\/www.promine.com\/fr\/wp-json\/wp\/v2\/pages\/4771","targetHints":{"allow":["GET"]}}],"collection":[{"href":"https:\/\/www.promine.com\/fr\/wp-json\/wp\/v2\/pages"}],"about":[{"href":"https:\/\/www.promine.com\/fr\/wp-json\/wp\/v2\/types\/page"}],"author":[{"embeddable":true,"href":"https:\/\/www.promine.com\/fr\/wp-json\/wp\/v2\/users\/1"}],"replies":[{"embeddable":true,"href":"https:\/\/www.promine.com\/fr\/wp-json\/wp\/v2\/comments?post=4771"}],"version-history":[{"count":15,"href":"https:\/\/www.promine.com\/fr\/wp-json\/wp\/v2\/pages\/4771\/revisions"}],"predecessor-version":[{"id":11794,"href":"https:\/\/www.promine.com\/fr\/wp-json\/wp\/v2\/pages\/4771\/revisions\/11794"}],"wp:featuredmedia":[{"embeddable":true,"href":"https:\/\/www.promine.com\/fr\/wp-json\/wp\/v2\/media\/11033"}],"wp:attachment":[{"href":"https:\/\/www.promine.com\/fr\/wp-json\/wp\/v2\/media?parent=4771"}],"curies":[{"name":"wp","href":"https:\/\/api.w.org\/{rel}","templated":true}]}}