{"id":2838,"date":"2022-07-05T22:26:24","date_gmt":"2022-07-06T02:26:24","guid":{"rendered":"https:\/\/ec2-3-214-184-111.compute-1.amazonaws.com\/?page_id=2838"},"modified":"2022-07-21T11:46:27","modified_gmt":"2022-07-21T15:46:27","slug":"conditions-dutilisation-et-politique-de-confidentialite","status":"publish","type":"page","link":"https:\/\/www.promine.com\/fr\/a-propos\/faqs\/conditions-dutilisation-et-politique-de-confidentialite\/","title":{"rendered":"Conditions d&rsquo;utilisation et politique de confidentialit\u00e9"},"content":{"rendered":"\t\t<div data-elementor-type=\"wp-page\" data-elementor-id=\"2838\" class=\"elementor elementor-2838 elementor-949\" data-elementor-post-type=\"page\">\n\t\t\t\t\t\t<section class=\"elementor-section elementor-top-section elementor-element elementor-element-b5c0be6 elementor-section-items-stretch elementor-section-height-min-height elementor-section-boxed elementor-section-height-default\" data-id=\"b5c0be6\" data-element_type=\"section\" data-settings=\"{&quot;background_background&quot;:&quot;gradient&quot;}\">\n\t\t\t\t\t\t<div class=\"elementor-container elementor-column-gap-default\">\n\t\t\t\t\t<div class=\"elementor-column elementor-col-50 elementor-top-column elementor-element elementor-element-41f7e0bb\" data-id=\"41f7e0bb\" data-element_type=\"column\">\n\t\t\t<div class=\"elementor-widget-wrap elementor-element-populated\">\n\t\t\t\t\t\t<div class=\"elementor-element elementor-element-43a5ea6b elementor-widget elementor-widget-heading\" data-id=\"43a5ea6b\" data-element_type=\"widget\" data-widget_type=\"heading.default\">\n\t\t\t\t<div class=\"elementor-widget-container\">\n\t\t\t\t\t<h1 class=\"elementor-heading-title elementor-size-default\">Conditions d'utilisation\n\net\n\npolitique de confidentialit\u00e9<\/h1>\t\t\t\t<\/div>\n\t\t\t\t<\/div>\n\t\t\t\t\t<\/div>\n\t\t<\/div>\n\t\t\t\t<div class=\"elementor-column elementor-col-50 elementor-top-column elementor-element elementor-element-69598c4f\" data-id=\"69598c4f\" data-element_type=\"column\">\n\t\t\t<div class=\"elementor-widget-wrap\">\n\t\t\t\t\t\t\t<\/div>\n\t\t<\/div>\n\t\t\t\t\t<\/div>\n\t\t<\/section>\n\t\t\t\t<section class=\"elementor-section elementor-top-section elementor-element elementor-element-5fc608 elementor-section-boxed elementor-section-height-default elementor-section-height-default\" data-id=\"5fc608\" data-element_type=\"section\">\n\t\t\t\t\t\t<div class=\"elementor-container elementor-column-gap-default\">\n\t\t\t\t\t<div class=\"elementor-column elementor-col-100 elementor-top-column elementor-element elementor-element-49e6318e\" data-id=\"49e6318e\" data-element_type=\"column\">\n\t\t\t<div class=\"elementor-widget-wrap elementor-element-populated\">\n\t\t\t\t\t\t<div class=\"elementor-element elementor-element-6ca08d41 elementor-widget elementor-widget-heading\" data-id=\"6ca08d41\" data-element_type=\"widget\" data-widget_type=\"heading.default\">\n\t\t\t\t<div class=\"elementor-widget-container\">\n\t\t\t\t\t<h2 class=\"elementor-heading-title elementor-size-default\">Conditions d\u2019utilisation<\/h2>\t\t\t\t<\/div>\n\t\t\t\t<\/div>\n\t\t\t\t<div class=\"elementor-element elementor-element-2412407e elementor-widget elementor-widget-text-editor\" data-id=\"2412407e\" data-element_type=\"widget\" data-widget_type=\"text-editor.default\">\n\t\t\t\t<div class=\"elementor-widget-container\">\n\t\t\t\t\t\t\t\t\t<div class=\"et_pb_section et_pb_section_1 et_pb_with_background et_section_regular\"><div class=\"et_pb_row et_pb_row_1 et_pb_equal_columns et_pb_gutters2\"><div class=\"et_pb_column et_pb_column_4_4 et_pb_column_2  et_pb_css_mix_blend_mode_passthrough et-last-child\"><div class=\"et_pb_module et_pb_text et_pb_text_1  et_pb_text_align_left et_pb_bg_layout_light\"><div class=\"et_pb_text_inner\"><p>En utilisant ce site vous indiquez que vous acceptez cette politique. Si vous n\u2019acceptez pas cette politique, veuillez ne pas utiliser notre site. Votre utilisation continue du site apr\u00e8s la publication des modifications de cette politique sera consid\u00e9r\u00e9e comme votre acceptation de ces modifications.<\/p><\/div><\/div><\/div><\/div><\/div>\t\t\t\t\t\t\t\t<\/div>\n\t\t\t\t<\/div>\n\t\t\t\t\t<\/div>\n\t\t<\/div>\n\t\t\t\t\t<\/div>\n\t\t<\/section>\n\t\t\t\t<section class=\"elementor-section elementor-top-section elementor-element elementor-element-b641ba elementor-section-boxed elementor-section-height-default elementor-section-height-default\" data-id=\"b641ba\" data-element_type=\"section\">\n\t\t\t\t\t\t<div class=\"elementor-container elementor-column-gap-default\">\n\t\t\t\t\t<div class=\"elementor-column elementor-col-100 elementor-top-column elementor-element elementor-element-48e104ee\" data-id=\"48e104ee\" data-element_type=\"column\">\n\t\t\t<div class=\"elementor-widget-wrap elementor-element-populated\">\n\t\t\t\t\t\t<div class=\"elementor-element elementor-element-165669a2 elementor-widget elementor-widget-toggle\" data-id=\"165669a2\" data-element_type=\"widget\" data-widget_type=\"toggle.default\">\n\t\t\t\t<div class=\"elementor-widget-container\">\n\t\t\t\t\t\t\t<div class=\"elementor-toggle\">\n\t\t\t\t\t\t\t<div class=\"elementor-toggle-item\">\n\t\t\t\t\t<div id=\"elementor-tab-title-3741\" class=\"elementor-tab-title\" data-tab=\"1\" role=\"button\" aria-controls=\"elementor-tab-content-3741\" aria-expanded=\"false\">\n\t\t\t\t\t\t\t\t\t\t\t\t<span class=\"elementor-toggle-icon elementor-toggle-icon-left\" aria-hidden=\"true\">\n\t\t\t\t\t\t\t\t\t\t\t\t\t\t\t<span class=\"elementor-toggle-icon-closed\"><i class=\"fas fa-caret-square-down\"><\/i><\/span>\n\t\t\t\t\t\t\t\t<span class=\"elementor-toggle-icon-opened\"><i class=\"elementor-toggle-icon-opened far fa-caret-square-up\"><\/i><\/span>\n\t\t\t\t\t\t\t\t\t\t\t\t\t<\/span>\n\t\t\t\t\t\t\t\t\t\t\t\t<a class=\"elementor-toggle-title\" tabindex=\"0\">Quelles donn\u00e9es collectons-nous?<\/a>\n\t\t\t\t\t<\/div>\n\n\t\t\t\t\t<div id=\"elementor-tab-content-3741\" class=\"elementor-tab-content elementor-clearfix\" data-tab=\"1\" role=\"region\" aria-labelledby=\"elementor-tab-title-3741\"><p>Nous collectons vos donn\u00e9es lorsque vous placez une commande ou remplissez un formulaire.<\/p><p>Lorsque vous commandez ou vous enregistrez sur notre site, si possible, vous pouvez \u00eatre invit\u00e9 \u00e0 entrer votre: nom, adresse email, adresse postale ou num\u00e9ro de t\u00e9l\u00e9phone. Vous pouvez cependant visiter notre site anonymement.<\/p><\/div>\n\t\t\t\t<\/div>\n\t\t\t\t\t\t\t<div class=\"elementor-toggle-item\">\n\t\t\t\t\t<div id=\"elementor-tab-title-3742\" class=\"elementor-tab-title\" data-tab=\"2\" role=\"button\" aria-controls=\"elementor-tab-content-3742\" aria-expanded=\"false\">\n\t\t\t\t\t\t\t\t\t\t\t\t<span class=\"elementor-toggle-icon elementor-toggle-icon-left\" aria-hidden=\"true\">\n\t\t\t\t\t\t\t\t\t\t\t\t\t\t\t<span class=\"elementor-toggle-icon-closed\"><i class=\"fas fa-caret-square-down\"><\/i><\/span>\n\t\t\t\t\t\t\t\t<span class=\"elementor-toggle-icon-opened\"><i class=\"elementor-toggle-icon-opened far fa-caret-square-up\"><\/i><\/span>\n\t\t\t\t\t\t\t\t\t\t\t\t\t<\/span>\n\t\t\t\t\t\t\t\t\t\t\t\t<a class=\"elementor-toggle-title\" tabindex=\"0\">Pourquoi utilisons-nous vos donn\u00e9es?<\/a>\n\t\t\t\t\t<\/div>\n\n\t\t\t\t\t<div id=\"elementor-tab-content-3742\" class=\"elementor-tab-content elementor-clearfix\" data-tab=\"2\" role=\"region\" aria-labelledby=\"elementor-tab-title-3742\"><p><strong>Toutes donn\u00e9es que nous recueillons de votre part peuvent \u00eatre utilis\u00e9es dans l\u2019une des mani\u00e8res suivantes :<\/strong><\/p><p>\u00a0<\/p><ul><li><strong>Pour\u00a0<\/strong><strong>personnaliser<\/strong><strong>\u00a0<\/strong><strong>votre<\/strong><strong>\u00a0<\/strong><strong>exp\u00e9rience<\/strong><strong><span data-ccp-props=\"{&quot;201341983&quot;:0,&quot;335559685&quot;:360,&quot;335559739&quot;:160,&quot;335559740&quot;:259,&quot;335559991&quot;:360}\">\u00a0<\/span><\/strong><br \/>Vos informations nous permettent de mieux r\u00e9pondre \u00e0 vos besoins individuels.<\/li><li><strong>Pour\u00a0<\/strong><strong>am\u00e9liorer<\/strong><strong>\u00a0<\/strong><strong>notre<\/strong><strong>\u00a0site<\/strong><br \/>Nous nous effor\u00e7ons \u00e0 continuellement am\u00e9liorer les offres de notre site en fonction des informations et des commentaires que nous recevons de votre part.<\/li><li><strong>Pour am\u00e9liorer le service \u00e0 la client\u00e8le<\/strong><br \/>Vos donn\u00e9es nous aident \u00e0 r\u00e9pondre plus efficacement \u00e0 vos demandes de service \u00e0 la client\u00e8le et \u00e0 vos besoins d\u2019assistance.<\/li><li><strong><span data-contrast=\"none\">Pour traiter les transactions<\/span><\/strong><br \/>Vos informations, qu\u2019elles soient publiques ou priv\u00e9es, ne seront ni vendues, ni \u00e9chang\u00e9es, ni transf\u00e9r\u00e9es, ni donn\u00e9es \u00e0 une autre soci\u00e9t\u00e9 pour quelconque raison, sans votre consentement, autrement que dans le but expr\u00e8s de fournir le produit achet\u00e9 ou le service demand\u00e9.<\/li><li><strong><span data-contrast=\"none\">Pour envoyer des courriels p\u00e9riodiques<\/span><span data-contrast=\"none\">\u00a0<\/span><\/strong><br \/>L\u2019adresse courriel que vous indiquez pour le traitement de la commande ne sera utilis\u00e9e que pour vous envoyer des informations et des mises \u00e0 jour relatives \u00e0 votre commande.<\/li><\/ul><\/div>\n\t\t\t\t<\/div>\n\t\t\t\t\t\t\t<div class=\"elementor-toggle-item\">\n\t\t\t\t\t<div id=\"elementor-tab-title-3743\" class=\"elementor-tab-title\" data-tab=\"3\" role=\"button\" aria-controls=\"elementor-tab-content-3743\" aria-expanded=\"false\">\n\t\t\t\t\t\t\t\t\t\t\t\t<span class=\"elementor-toggle-icon elementor-toggle-icon-left\" aria-hidden=\"true\">\n\t\t\t\t\t\t\t\t\t\t\t\t\t\t\t<span class=\"elementor-toggle-icon-closed\"><i class=\"fas fa-caret-square-down\"><\/i><\/span>\n\t\t\t\t\t\t\t\t<span class=\"elementor-toggle-icon-opened\"><i class=\"elementor-toggle-icon-opened far fa-caret-square-up\"><\/i><\/span>\n\t\t\t\t\t\t\t\t\t\t\t\t\t<\/span>\n\t\t\t\t\t\t\t\t\t\t\t\t<a class=\"elementor-toggle-title\" tabindex=\"0\">Utilisons-nous des cookies?<\/a>\n\t\t\t\t\t<\/div>\n\n\t\t\t\t\t<div id=\"elementor-tab-content-3743\" class=\"elementor-tab-content elementor-clearfix\" data-tab=\"3\" role=\"region\" aria-labelledby=\"elementor-tab-title-3743\"><div class=\"et_pb_module et_pb_toggle et_pb_toggle_2 et_pb_toggle_item et_pb_text_align_left et_pb_toggle_open\"><div class=\"et_pb_toggle_content clearfix\"><div class=\"et_pb_module et_pb_toggle et_pb_toggle_2 et_pb_toggle_item et_pb_text_align_left et_pb_toggle_open\"><div class=\"et_pb_toggle_content clearfix\"><p>Oui, nous utilisons des cookies.<\/p><\/div><\/div><\/div><\/div><\/div>\n\t\t\t\t<\/div>\n\t\t\t\t\t\t\t<div class=\"elementor-toggle-item\">\n\t\t\t\t\t<div id=\"elementor-tab-title-3744\" class=\"elementor-tab-title\" data-tab=\"4\" role=\"button\" aria-controls=\"elementor-tab-content-3744\" aria-expanded=\"false\">\n\t\t\t\t\t\t\t\t\t\t\t\t<span class=\"elementor-toggle-icon elementor-toggle-icon-left\" aria-hidden=\"true\">\n\t\t\t\t\t\t\t\t\t\t\t\t\t\t\t<span class=\"elementor-toggle-icon-closed\"><i class=\"fas fa-caret-square-down\"><\/i><\/span>\n\t\t\t\t\t\t\t\t<span class=\"elementor-toggle-icon-opened\"><i class=\"elementor-toggle-icon-opened far fa-caret-square-up\"><\/i><\/span>\n\t\t\t\t\t\t\t\t\t\t\t\t\t<\/span>\n\t\t\t\t\t\t\t\t\t\t\t\t<a class=\"elementor-toggle-title\" tabindex=\"0\">Est-ce que nous divulguons des donn\u00e9es \u00e0 des tiers?<\/a>\n\t\t\t\t\t<\/div>\n\n\t\t\t\t\t<div id=\"elementor-tab-content-3744\" class=\"elementor-tab-content elementor-clearfix\" data-tab=\"4\" role=\"region\" aria-labelledby=\"elementor-tab-title-3744\"><div class=\"et_pb_module et_pb_toggle et_pb_toggle_2 et_pb_toggle_item et_pb_text_align_left et_pb_toggle_open\"><div class=\"et_pb_toggle_content clearfix\"><p>Nous ne vendons, n\u2019\u00e9changeons ni ne transf\u00e9rons vos informations personnellement identifiables \u00e0 des tiers. Cela n\u2019inclut pas les tiers de confiance qui nous aident \u00e0 op\u00e9rer notre site Web, \u00e0 mener nos activit\u00e9s ou \u00e0 vous servir, \u00e0 condition que ces tiers s\u2019engagent \u00e0 maintenir la confidentialit\u00e9 de vos informations. Nous pouvons \u00e9galement divulguer vos informations lorsque nous estimons que leur divulgation (r\u00e9v\u00e9lation) est appropri\u00e9e pour se conformer \u00e0 la loi, appliquer les r\u00e8gles de notre site, prot\u00e9ger nos droits, ceux d\u2019autrui et de nos propri\u00e9t\u00e9s, ou pour des raisons de s\u00e9curit\u00e9. Toutefois, des informations non personnellement identifiables peuvent \u00eatre fournies \u00e0 d\u2019autres parties \u00e0 des fins de marketing, de publicit\u00e9 ou autres.<\/p><p>En utilisant notre site, vous consentez \u00e0 notre politique de confidentialit\u00e9.<\/p><\/div><\/div><\/div>\n\t\t\t\t<\/div>\n\t\t\t\t\t\t\t<div class=\"elementor-toggle-item\">\n\t\t\t\t\t<div id=\"elementor-tab-title-3745\" class=\"elementor-tab-title\" data-tab=\"5\" role=\"button\" aria-controls=\"elementor-tab-content-3745\" aria-expanded=\"false\">\n\t\t\t\t\t\t\t\t\t\t\t\t<span class=\"elementor-toggle-icon elementor-toggle-icon-left\" aria-hidden=\"true\">\n\t\t\t\t\t\t\t\t\t\t\t\t\t\t\t<span class=\"elementor-toggle-icon-closed\"><i class=\"fas fa-caret-square-down\"><\/i><\/span>\n\t\t\t\t\t\t\t\t<span class=\"elementor-toggle-icon-opened\"><i class=\"elementor-toggle-icon-opened far fa-caret-square-up\"><\/i><\/span>\n\t\t\t\t\t\t\t\t\t\t\t\t\t<\/span>\n\t\t\t\t\t\t\t\t\t\t\t\t<a class=\"elementor-toggle-title\" tabindex=\"0\">Changements \u00e0 notre politique de confidentialit\u00e9<\/a>\n\t\t\t\t\t<\/div>\n\n\t\t\t\t\t<div id=\"elementor-tab-content-3745\" class=\"elementor-tab-content elementor-clearfix\" data-tab=\"5\" role=\"region\" aria-labelledby=\"elementor-tab-title-3745\"><div class=\"et_pb_module et_pb_toggle et_pb_toggle_2 et_pb_toggle_item et_pb_text_align_left et_pb_toggle_open\"><div class=\"et_pb_toggle_content clearfix\"><div id=\"main-content\"><article id=\"post-100507\" class=\"post-100507 page type-page status-publish has-post-thumbnail hentry\"><div class=\"entry-content\"><div class=\"et-l et-l--post\"><div class=\"et_builder_inner_content et_pb_gutters3\"><div class=\"et_pb_with_border et_pb_section et_pb_section_2 et_section_regular\"><div class=\"et_pb_row et_pb_row_2 et_pb_equal_columns et_pb_gutters2\"><div class=\"et_pb_column et_pb_column_4_4 et_pb_column_3  et_pb_css_mix_blend_mode_passthrough et-last-child\"><div class=\"et_pb_module et_pb_toggle et_pb_toggle_4 et_pb_toggle_item et_pb_text_align_left et_pb_toggle_open\"><div class=\"et_pb_toggle_content clearfix\"><p>Tout changements sur la politique de confidentialit\u00e9 seront publi\u00e9s sur cette page.<\/p><\/div><\/div><\/div><\/div><\/div><\/div><\/div><\/div><\/article><\/div><\/div><\/div><\/div>\n\t\t\t\t<\/div>\n\t\t\t\t\t\t\t\t<\/div>\n\t\t\t\t\t\t<\/div>\n\t\t\t\t<\/div>\n\t\t\t\t\t<\/div>\n\t\t<\/div>\n\t\t\t\t\t<\/div>\n\t\t<\/section>\n\t\t\t\t<\/div>\n\t\t","protected":false},"excerpt":{"rendered":"<p>Conditions d&rsquo;utilisation et politique de confidentialit\u00e9 Conditions d\u2019utilisation En utilisant ce site vous indiquez que vous acceptez cette politique. Si vous n\u2019acceptez pas cette politique, veuillez ne pas utiliser notre site. Votre utilisation continue du site apr\u00e8s la publication des modifications de cette politique sera consid\u00e9r\u00e9e comme votre acceptation de ces modifications. Quelles donn\u00e9es collectons-nous? [&hellip;]<\/p>\n","protected":false},"author":1,"featured_media":0,"parent":2806,"menu_order":1,"comment_status":"closed","ping_status":"closed","template":"","meta":{"_acf_changed":false,"footnotes":""},"class_list":["post-2838","page","type-page","status-publish","hentry"],"acf":[],"yoast_head":"<!-- This site is optimized with the Yoast SEO plugin v24.0 - https:\/\/yoast.com\/wordpress\/plugins\/seo\/ -->\n<title>Conditions d&#039;utilisation et politique de confidentialit\u00e9 - Promine<\/title>\n<meta name=\"robots\" content=\"noindex, nofollow\" \/>\n<meta property=\"og:locale\" content=\"fr_FR\" \/>\n<meta property=\"og:type\" content=\"article\" \/>\n<meta property=\"og:title\" content=\"Conditions d&#039;utilisation et politique de confidentialit\u00e9 - Promine\" \/>\n<meta property=\"og:description\" content=\"Conditions d&rsquo;utilisation et politique de confidentialit\u00e9 Conditions d\u2019utilisation En utilisant ce site vous indiquez que vous acceptez cette politique. Si vous n\u2019acceptez pas cette politique, veuillez ne pas utiliser notre site. Votre utilisation continue du site apr\u00e8s la publication des modifications de cette politique sera consid\u00e9r\u00e9e comme votre acceptation de ces modifications. Quelles donn\u00e9es collectons-nous? [&hellip;]\" \/>\n<meta property=\"og:url\" content=\"https:\/\/www.promine.com\/fr\/a-propos\/faqs\/conditions-dutilisation-et-politique-de-confidentialite\/\" \/>\n<meta property=\"og:site_name\" content=\"Promine\" \/>\n<meta property=\"article:publisher\" content=\"https:\/\/www.facebook.com\/promineinc\/\" \/>\n<meta property=\"article:modified_time\" content=\"2022-07-21T15:46:27+00:00\" \/>\n<meta name=\"twitter:card\" content=\"summary_large_image\" \/>\n<meta name=\"twitter:label1\" content=\"Dur\u00e9e de lecture estim\u00e9e\" \/>\n\t<meta name=\"twitter:data1\" content=\"2 minutes\" \/>\n<script type=\"application\/ld+json\" class=\"yoast-schema-graph\">{\"@context\":\"https:\/\/schema.org\",\"@graph\":[{\"@type\":\"WebPage\",\"@id\":\"https:\/\/www.promine.com\/fr\/a-propos\/faqs\/conditions-dutilisation-et-politique-de-confidentialite\/\",\"url\":\"https:\/\/www.promine.com\/fr\/a-propos\/faqs\/conditions-dutilisation-et-politique-de-confidentialite\/\",\"name\":\"Conditions d'utilisation et politique de confidentialit\u00e9 - Promine\",\"isPartOf\":{\"@id\":\"https:\/\/www.promine.com\/fr\/#website\"},\"datePublished\":\"2022-07-06T02:26:24+00:00\",\"dateModified\":\"2022-07-21T15:46:27+00:00\",\"breadcrumb\":{\"@id\":\"https:\/\/www.promine.com\/fr\/a-propos\/faqs\/conditions-dutilisation-et-politique-de-confidentialite\/#breadcrumb\"},\"inLanguage\":\"fr-FR\",\"potentialAction\":[{\"@type\":\"ReadAction\",\"target\":[\"https:\/\/www.promine.com\/fr\/a-propos\/faqs\/conditions-dutilisation-et-politique-de-confidentialite\/\"]}]},{\"@type\":\"BreadcrumbList\",\"@id\":\"https:\/\/www.promine.com\/fr\/a-propos\/faqs\/conditions-dutilisation-et-politique-de-confidentialite\/#breadcrumb\",\"itemListElement\":[{\"@type\":\"ListItem\",\"position\":1,\"name\":\"Home\",\"item\":\"https:\/\/98.83.212.146\/fr\/\"},{\"@type\":\"ListItem\",\"position\":2,\"name\":\"\u00c0 propos\",\"item\":\"https:\/\/www.promine.com\/fr\/a-propos\/\"},{\"@type\":\"ListItem\",\"position\":3,\"name\":\"FAQs\",\"item\":\"https:\/\/www.promine.com\/fr\/a-propos\/faqs\/\"},{\"@type\":\"ListItem\",\"position\":4,\"name\":\"Conditions d&rsquo;utilisation et politique de confidentialit\u00e9\"}]},{\"@type\":\"WebSite\",\"@id\":\"https:\/\/www.promine.com\/fr\/#website\",\"url\":\"https:\/\/www.promine.com\/fr\/\",\"name\":\"Promine\",\"description\":\"Solutions for Everyday Mining\",\"publisher\":{\"@id\":\"https:\/\/www.promine.com\/fr\/#organization\"},\"potentialAction\":[{\"@type\":\"SearchAction\",\"target\":{\"@type\":\"EntryPoint\",\"urlTemplate\":\"https:\/\/www.promine.com\/fr\/?s={search_term_string}\"},\"query-input\":{\"@type\":\"PropertyValueSpecification\",\"valueRequired\":true,\"valueName\":\"search_term_string\"}}],\"inLanguage\":\"fr-FR\"},{\"@type\":\"Organization\",\"@id\":\"https:\/\/www.promine.com\/fr\/#organization\",\"name\":\"Promine\",\"url\":\"https:\/\/www.promine.com\/fr\/\",\"logo\":{\"@type\":\"ImageObject\",\"inLanguage\":\"fr-FR\",\"@id\":\"https:\/\/www.promine.com\/fr\/#\/schema\/logo\/image\/\",\"url\":\"https:\/\/www.promine.com\/wp-content\/uploads\/2022\/06\/Promine_Solo_Original_PNG.png\",\"contentUrl\":\"https:\/\/www.promine.com\/wp-content\/uploads\/2022\/06\/Promine_Solo_Original_PNG.png\",\"width\":3576,\"height\":407,\"caption\":\"Promine\"},\"image\":{\"@id\":\"https:\/\/www.promine.com\/fr\/#\/schema\/logo\/image\/\"},\"sameAs\":[\"https:\/\/www.facebook.com\/promineinc\/\"]}]}<\/script>\n<!-- \/ Yoast SEO plugin. -->","yoast_head_json":{"title":"Conditions d'utilisation et politique de confidentialit\u00e9 - Promine","robots":{"index":"noindex","follow":"nofollow"},"og_locale":"fr_FR","og_type":"article","og_title":"Conditions d'utilisation et politique de confidentialit\u00e9 - Promine","og_description":"Conditions d&rsquo;utilisation et politique de confidentialit\u00e9 Conditions d\u2019utilisation En utilisant ce site vous indiquez que vous acceptez cette politique. Si vous n\u2019acceptez pas cette politique, veuillez ne pas utiliser notre site. Votre utilisation continue du site apr\u00e8s la publication des modifications de cette politique sera consid\u00e9r\u00e9e comme votre acceptation de ces modifications. Quelles donn\u00e9es collectons-nous? [&hellip;]","og_url":"https:\/\/www.promine.com\/fr\/a-propos\/faqs\/conditions-dutilisation-et-politique-de-confidentialite\/","og_site_name":"Promine","article_publisher":"https:\/\/www.facebook.com\/promineinc\/","article_modified_time":"2022-07-21T15:46:27+00:00","twitter_card":"summary_large_image","twitter_misc":{"Dur\u00e9e de lecture estim\u00e9e":"2 minutes"},"schema":{"@context":"https:\/\/schema.org","@graph":[{"@type":"WebPage","@id":"https:\/\/www.promine.com\/fr\/a-propos\/faqs\/conditions-dutilisation-et-politique-de-confidentialite\/","url":"https:\/\/www.promine.com\/fr\/a-propos\/faqs\/conditions-dutilisation-et-politique-de-confidentialite\/","name":"Conditions d'utilisation et politique de confidentialit\u00e9 - Promine","isPartOf":{"@id":"https:\/\/www.promine.com\/fr\/#website"},"datePublished":"2022-07-06T02:26:24+00:00","dateModified":"2022-07-21T15:46:27+00:00","breadcrumb":{"@id":"https:\/\/www.promine.com\/fr\/a-propos\/faqs\/conditions-dutilisation-et-politique-de-confidentialite\/#breadcrumb"},"inLanguage":"fr-FR","potentialAction":[{"@type":"ReadAction","target":["https:\/\/www.promine.com\/fr\/a-propos\/faqs\/conditions-dutilisation-et-politique-de-confidentialite\/"]}]},{"@type":"BreadcrumbList","@id":"https:\/\/www.promine.com\/fr\/a-propos\/faqs\/conditions-dutilisation-et-politique-de-confidentialite\/#breadcrumb","itemListElement":[{"@type":"ListItem","position":1,"name":"Home","item":"https:\/\/98.83.212.146\/fr\/"},{"@type":"ListItem","position":2,"name":"\u00c0 propos","item":"https:\/\/www.promine.com\/fr\/a-propos\/"},{"@type":"ListItem","position":3,"name":"FAQs","item":"https:\/\/www.promine.com\/fr\/a-propos\/faqs\/"},{"@type":"ListItem","position":4,"name":"Conditions d&rsquo;utilisation et politique de confidentialit\u00e9"}]},{"@type":"WebSite","@id":"https:\/\/www.promine.com\/fr\/#website","url":"https:\/\/www.promine.com\/fr\/","name":"Promine","description":"Solutions for Everyday Mining","publisher":{"@id":"https:\/\/www.promine.com\/fr\/#organization"},"potentialAction":[{"@type":"SearchAction","target":{"@type":"EntryPoint","urlTemplate":"https:\/\/www.promine.com\/fr\/?s={search_term_string}"},"query-input":{"@type":"PropertyValueSpecification","valueRequired":true,"valueName":"search_term_string"}}],"inLanguage":"fr-FR"},{"@type":"Organization","@id":"https:\/\/www.promine.com\/fr\/#organization","name":"Promine","url":"https:\/\/www.promine.com\/fr\/","logo":{"@type":"ImageObject","inLanguage":"fr-FR","@id":"https:\/\/www.promine.com\/fr\/#\/schema\/logo\/image\/","url":"https:\/\/www.promine.com\/wp-content\/uploads\/2022\/06\/Promine_Solo_Original_PNG.png","contentUrl":"https:\/\/www.promine.com\/wp-content\/uploads\/2022\/06\/Promine_Solo_Original_PNG.png","width":3576,"height":407,"caption":"Promine"},"image":{"@id":"https:\/\/www.promine.com\/fr\/#\/schema\/logo\/image\/"},"sameAs":["https:\/\/www.facebook.com\/promineinc\/"]}]}},"_links":{"self":[{"href":"https:\/\/www.promine.com\/fr\/wp-json\/wp\/v2\/pages\/2838","targetHints":{"allow":["GET"]}}],"collection":[{"href":"https:\/\/www.promine.com\/fr\/wp-json\/wp\/v2\/pages"}],"about":[{"href":"https:\/\/www.promine.com\/fr\/wp-json\/wp\/v2\/types\/page"}],"author":[{"embeddable":true,"href":"https:\/\/www.promine.com\/fr\/wp-json\/wp\/v2\/users\/1"}],"replies":[{"embeddable":true,"href":"https:\/\/www.promine.com\/fr\/wp-json\/wp\/v2\/comments?post=2838"}],"version-history":[{"count":5,"href":"https:\/\/www.promine.com\/fr\/wp-json\/wp\/v2\/pages\/2838\/revisions"}],"predecessor-version":[{"id":2843,"href":"https:\/\/www.promine.com\/fr\/wp-json\/wp\/v2\/pages\/2838\/revisions\/2843"}],"up":[{"embeddable":true,"href":"https:\/\/www.promine.com\/fr\/wp-json\/wp\/v2\/pages\/2806"}],"wp:attachment":[{"href":"https:\/\/www.promine.com\/fr\/wp-json\/wp\/v2\/media?parent=2838"}],"curies":[{"name":"wp","href":"https:\/\/api.w.org\/{rel}","templated":true}]}}