{"id":2652,"date":"2022-06-27T17:33:32","date_gmt":"2022-06-27T21:33:32","guid":{"rendered":"https:\/\/ec2-3-214-184-111.compute-1.amazonaws.com\/?page_id=2652"},"modified":"2022-07-20T16:43:21","modified_gmt":"2022-07-20T20:43:21","slug":"a-propos","status":"publish","type":"page","link":"https:\/\/www.promine.com\/fr\/a-propos\/","title":{"rendered":"\u00c0 propos"},"content":{"rendered":"\t\t<div data-elementor-type=\"wp-page\" data-elementor-id=\"2652\" class=\"elementor elementor-2652 elementor-73\" data-elementor-post-type=\"page\">\n\t\t\t\t\t\t<section class=\"elementor-section elementor-top-section elementor-element elementor-element-d78a368 elementor-section-items-stretch elementor-section-height-min-height elementor-section-boxed elementor-section-height-default\" data-id=\"d78a368\" data-element_type=\"section\" data-settings=\"{&quot;background_background&quot;:&quot;gradient&quot;}\">\n\t\t\t\t\t\t<div class=\"elementor-container elementor-column-gap-default\">\n\t\t\t\t\t<div class=\"elementor-column elementor-col-50 elementor-top-column elementor-element elementor-element-cf4fc0\" data-id=\"cf4fc0\" data-element_type=\"column\">\n\t\t\t<div class=\"elementor-widget-wrap elementor-element-populated\">\n\t\t\t\t\t\t<div class=\"elementor-element elementor-element-6999b2d0 elementor-widget elementor-widget-heading\" data-id=\"6999b2d0\" data-element_type=\"widget\" data-widget_type=\"heading.default\">\n\t\t\t\t<div class=\"elementor-widget-container\">\n\t\t\t\t\t<h1 class=\"elementor-heading-title elementor-size-default\">\u00c0 propos de nous<\/h1>\t\t\t\t<\/div>\n\t\t\t\t<\/div>\n\t\t\t\t<div class=\"elementor-element elementor-element-7c813ca6 elementor-widget elementor-widget-text-editor\" data-id=\"7c813ca6\" data-element_type=\"widget\" data-widget_type=\"text-editor.default\">\n\t\t\t\t<div class=\"elementor-widget-container\">\n\t\t\t\t\t\t\t\t\t<div class=\"et_pb_column et_pb_column_3_5 et_pb_column_0 et_pb_css_mix_blend_mode_passthrough\"><div class=\"et_pb_module et_pb_text et_pb_text_0 et_pb_text_align_left et_pb_bg_layout_dark\"><div class=\"et_pb_text_inner\"><div class=\"et_pb_column et_pb_column_3_5 et_pb_column_0  et_pb_css_mix_blend_mode_passthrough\"><div class=\"et_pb_module et_pb_text et_pb_text_0  et_pb_text_align_left et_pb_bg_layout_dark\"><div class=\"et_pb_text_inner\"><p>Apprenez \u00e0 conna\u00eetre l\u2019histoire et la mission de Promine.<\/p><\/div><\/div><\/div><\/div><\/div><\/div>\t\t\t\t\t\t\t\t<\/div>\n\t\t\t\t<\/div>\n\t\t\t\t\t<\/div>\n\t\t<\/div>\n\t\t\t\t<div class=\"elementor-column elementor-col-50 elementor-top-column elementor-element elementor-element-29f3677d\" data-id=\"29f3677d\" data-element_type=\"column\">\n\t\t\t<div class=\"elementor-widget-wrap\">\n\t\t\t\t\t\t\t<\/div>\n\t\t<\/div>\n\t\t\t\t\t<\/div>\n\t\t<\/section>\n\t\t\t\t<section class=\"elementor-section elementor-top-section elementor-element elementor-element-8cca50a elementor-section-boxed elementor-section-height-default elementor-section-height-default\" data-id=\"8cca50a\" data-element_type=\"section\" data-settings=\"{&quot;background_background&quot;:&quot;classic&quot;}\">\n\t\t\t\t\t\t<div class=\"elementor-container elementor-column-gap-default\">\n\t\t\t\t\t<div class=\"elementor-column elementor-col-100 elementor-top-column elementor-element elementor-element-da15152\" data-id=\"da15152\" data-element_type=\"column\">\n\t\t\t<div class=\"elementor-widget-wrap elementor-element-populated\">\n\t\t\t\t\t\t<div class=\"elementor-element elementor-element-d6b20b3 elementor-widget elementor-widget-heading\" data-id=\"d6b20b3\" data-element_type=\"widget\" data-widget_type=\"heading.default\">\n\t\t\t\t<div class=\"elementor-widget-container\">\n\t\t\t\t\t<h2 class=\"elementor-heading-title elementor-size-default\">Notre histoire<\/h2>\t\t\t\t<\/div>\n\t\t\t\t<\/div>\n\t\t\t\t<div class=\"elementor-element elementor-element-e86395c elementor-widget elementor-widget-text-editor\" data-id=\"e86395c\" data-element_type=\"widget\" data-widget_type=\"text-editor.default\">\n\t\t\t\t<div class=\"elementor-widget-container\">\n\t\t\t\t\t\t\t\t\t<div class=\"et_pb_section et_pb_section_1 et_pb_with_background et_section_regular\"><div class=\"et_pb_with_border et_pb_row et_pb_row_1 et_pb_equal_columns et_pb_gutters2\"><div class=\"et_pb_column et_pb_column_4_4 et_pb_column_2  et_pb_css_mix_blend_mode_passthrough et-last-child\"><div class=\"et_pb_module et_pb_text et_pb_text_2  et_pb_text_align_left et_pb_bg_layout_light\"><div class=\"et_pb_text_inner\"><p><strong>Promine est un logiciel de mine et d\u2019arpentage d\u00e9velopp\u00e9 par Promine inc.<\/strong> Depuis 1993, Promine fournit aux compagnies mini\u00e8res des outils de CAD personnalis\u00e9s ax\u00e9s sur la planification mini\u00e8re, l\u2019arpentage et la g\u00e9ologie. D\u00e9di\u00e9 \u00e0 fournir des solutions pour les op\u00e9rations mini\u00e8res quotidiennes, Promine dispose d\u00e9sormais d\u2019une forte pr\u00e9sence en Am\u00e9rique du Nord et du Sud.<\/p><\/div><\/div><\/div><\/div><\/div>\t\t\t\t\t\t\t\t<\/div>\n\t\t\t\t<\/div>\n\t\t\t\t\t<\/div>\n\t\t<\/div>\n\t\t\t\t\t<\/div>\n\t\t<\/section>\n\t\t\t\t<section class=\"elementor-section elementor-top-section elementor-element elementor-element-311fd64a elementor-section-boxed elementor-section-height-default elementor-section-height-default\" data-id=\"311fd64a\" data-element_type=\"section\" data-settings=\"{&quot;background_background&quot;:&quot;classic&quot;}\">\n\t\t\t\t\t\t<div class=\"elementor-container elementor-column-gap-default\">\n\t\t\t\t\t<div class=\"elementor-column elementor-col-100 elementor-top-column elementor-element elementor-element-7dc9463f\" data-id=\"7dc9463f\" data-element_type=\"column\">\n\t\t\t<div class=\"elementor-widget-wrap elementor-element-populated\">\n\t\t\t\t\t\t<div class=\"elementor-element elementor-element-68499731 elementor-widget elementor-widget-heading\" data-id=\"68499731\" data-element_type=\"widget\" data-widget_type=\"heading.default\">\n\t\t\t\t<div class=\"elementor-widget-container\">\n\t\t\t\t\t<h2 class=\"elementor-heading-title elementor-size-default\">Le logiciel<\/h2>\t\t\t\t<\/div>\n\t\t\t\t<\/div>\n\t\t\t\t<div class=\"elementor-element elementor-element-369fb429 elementor-widget elementor-widget-text-editor\" data-id=\"369fb429\" data-element_type=\"widget\" data-widget_type=\"text-editor.default\">\n\t\t\t\t<div class=\"elementor-widget-container\">\n\t\t\t\t\t\t\t\t\t<div class=\"et_pb_section et_pb_section_2 et_pb_with_background et_section_regular\"><div class=\"et_pb_with_border et_pb_row et_pb_row_2 et_pb_equal_columns et_pb_gutters2\"><div class=\"et_pb_column et_pb_column_4_4 et_pb_column_3  et_pb_css_mix_blend_mode_passthrough et-last-child\"><div class=\"et_pb_module et_pb_text et_pb_text_4  et_pb_text_align_left et_pb_bg_layout_light\"><div class=\"et_pb_text_inner\"><p><strong>Promine doit son succ\u00e8s \u00e0 l\u2019\u00e9quipe d\u2019experts comp\u00e9tents et passionn\u00e9s qui d\u00e9veloppent le logiciel.<\/strong> Gr\u00e2ce \u00e0 leurs ann\u00e9es d\u2019exp\u00e9rience dans l\u2019industrie mini\u00e8re et d\u2019arpentage, ils ont perfectionn\u00e9 le logiciel pour en faire un outil exceptionnel pour les t\u00e2ches mini\u00e8res et d\u2019arpentage.<\/p><\/div><\/div><\/div><\/div><\/div>\t\t\t\t\t\t\t\t<\/div>\n\t\t\t\t<\/div>\n\t\t\t\t\t<\/div>\n\t\t<\/div>\n\t\t\t\t\t<\/div>\n\t\t<\/section>\n\t\t\t\t<section class=\"elementor-section elementor-top-section elementor-element elementor-element-1d1d8dd elementor-section-height-min-height elementor-section-boxed elementor-section-height-default elementor-section-items-middle\" data-id=\"1d1d8dd\" data-element_type=\"section\" data-settings=\"{&quot;background_background&quot;:&quot;classic&quot;}\">\n\t\t\t\t\t\t<div class=\"elementor-container elementor-column-gap-default\">\n\t\t\t\t\t<div class=\"elementor-column elementor-col-100 elementor-top-column elementor-element elementor-element-fbd7f02\" data-id=\"fbd7f02\" data-element_type=\"column\">\n\t\t\t<div class=\"elementor-widget-wrap elementor-element-populated\">\n\t\t\t\t\t\t<div class=\"elementor-element elementor-element-b16b7c1 elementor-widget elementor-widget-text-editor\" data-id=\"b16b7c1\" data-element_type=\"widget\" data-widget_type=\"text-editor.default\">\n\t\t\t\t<div class=\"elementor-widget-container\">\n\t\t\t\t\t\t\t\t\t<h5><strong>SERVICE MONDIAL<\/strong><\/h5>\t\t\t\t\t\t\t\t<\/div>\n\t\t\t\t<\/div>\n\t\t\t\t<div class=\"elementor-element elementor-element-fd2333d elementor-widget elementor-widget-text-editor\" data-id=\"fd2333d\" data-element_type=\"widget\" data-widget_type=\"text-editor.default\">\n\t\t\t\t<div class=\"elementor-widget-container\">\n\t\t\t\t\t\t\t\t\t<p>Approv\u00e9 par plus de 100 sites miniers<\/p>\t\t\t\t\t\t\t\t<\/div>\n\t\t\t\t<\/div>\n\t\t\t\t<div class=\"elementor-element elementor-element-ee29c4b elementor-widget elementor-widget-text-editor\" data-id=\"ee29c4b\" data-element_type=\"widget\" data-widget_type=\"text-editor.default\">\n\t\t\t\t<div class=\"elementor-widget-container\">\n\t\t\t\t\t\t\t\t\t<p>Avec une forte pr\u00e9sence en Am\u00e9rique du Nord, centrale et du Sud.<\/p>\t\t\t\t\t\t\t\t<\/div>\n\t\t\t\t<\/div>\n\t\t\t\t\t<\/div>\n\t\t<\/div>\n\t\t\t\t\t<\/div>\n\t\t<\/section>\n\t\t\t\t<section class=\"elementor-section elementor-top-section elementor-element elementor-element-768df904 elementor-section-boxed elementor-section-height-default elementor-section-height-default\" data-id=\"768df904\" data-element_type=\"section\" data-settings=\"{&quot;background_background&quot;:&quot;classic&quot;}\">\n\t\t\t\t\t\t<div class=\"elementor-container elementor-column-gap-default\">\n\t\t\t\t\t<div class=\"elementor-column elementor-col-100 elementor-top-column elementor-element elementor-element-71f98314\" data-id=\"71f98314\" data-element_type=\"column\">\n\t\t\t<div class=\"elementor-widget-wrap elementor-element-populated\">\n\t\t\t\t\t\t<div class=\"elementor-element elementor-element-6c5918d8 elementor-widget elementor-widget-heading\" data-id=\"6c5918d8\" data-element_type=\"widget\" data-widget_type=\"heading.default\">\n\t\t\t\t<div class=\"elementor-widget-container\">\n\t\t\t\t\t<h2 class=\"elementor-heading-title elementor-size-default\">Notre mission<\/h2>\t\t\t\t<\/div>\n\t\t\t\t<\/div>\n\t\t\t\t<div class=\"elementor-element elementor-element-3fd2647f elementor-widget elementor-widget-text-editor\" data-id=\"3fd2647f\" data-element_type=\"widget\" data-widget_type=\"text-editor.default\">\n\t\t\t\t<div class=\"elementor-widget-container\">\n\t\t\t\t\t\t\t\t\t<p><strong>Notre mission est d\u2019aider nos clients \u00e0 \u00eatre plus efficaces et plus rentables en quelques clics gr\u00e2ce \u00e0 un logiciel convivial.<\/strong><\/p><p>Notre vaste exp\u00e9rience et compr\u00e9hension des d\u00e9fis de l\u2019industrie mini\u00e8re, d\u2019arpentage et de g\u00e9ologie nous aide \u00e0 parvenir \u00e0 d\u00e9velopper des fonctions faciles \u00e0 utiliser et sp\u00e9cialis\u00e9es dans ce domaine. Chez Promine, nous nous effor\u00e7ons d\u2019offrir un service \u00e0 la client\u00e8le exceptionnel. Cela permet de s\u2019assurer que vos op\u00e9rations se d\u00e9roulent de mani\u00e8re aussi fluide et efficace que possible.<\/p>\t\t\t\t\t\t\t\t<\/div>\n\t\t\t\t<\/div>\n\t\t\t\t\t<\/div>\n\t\t<\/div>\n\t\t\t\t\t<\/div>\n\t\t<\/section>\n\t\t\t\t<\/div>\n\t\t","protected":false},"excerpt":{"rendered":"<p>\u00c0 propos de nous Apprenez \u00e0 conna\u00eetre l\u2019histoire et la mission de Promine. Notre histoire Promine est un logiciel de mine et d\u2019arpentage d\u00e9velopp\u00e9 par Promine inc. Depuis 1993, Promine fournit aux compagnies mini\u00e8res des outils de CAD personnalis\u00e9s ax\u00e9s sur la planification mini\u00e8re, l\u2019arpentage et la g\u00e9ologie. D\u00e9di\u00e9 \u00e0 fournir des solutions pour les [&hellip;]<\/p>\n","protected":false},"author":1,"featured_media":11033,"parent":0,"menu_order":0,"comment_status":"closed","ping_status":"closed","template":"","meta":{"_acf_changed":false,"footnotes":""},"class_list":["post-2652","page","type-page","status-publish","has-post-thumbnail","hentry"],"acf":[],"yoast_head":"<!-- This site is optimized with the Yoast SEO plugin v24.0 - https:\/\/yoast.com\/wordpress\/plugins\/seo\/ -->\n<title>\u00c0 propos - Promine<\/title>\n<meta name=\"robots\" content=\"index, follow, max-snippet:-1, max-image-preview:large, max-video-preview:-1\" \/>\n<link rel=\"canonical\" href=\"https:\/\/www.promine.com\/fr\/a-propos\/\" \/>\n<meta property=\"og:locale\" content=\"fr_FR\" \/>\n<meta property=\"og:type\" content=\"article\" \/>\n<meta property=\"og:title\" content=\"\u00c0 propos - Promine\" \/>\n<meta property=\"og:description\" content=\"\u00c0 propos de nous Apprenez \u00e0 conna\u00eetre l\u2019histoire et la mission de Promine. Notre histoire Promine est un logiciel de mine et d\u2019arpentage d\u00e9velopp\u00e9 par Promine inc. Depuis 1993, Promine fournit aux compagnies mini\u00e8res des outils de CAD personnalis\u00e9s ax\u00e9s sur la planification mini\u00e8re, l\u2019arpentage et la g\u00e9ologie. D\u00e9di\u00e9 \u00e0 fournir des solutions pour les [&hellip;]\" \/>\n<meta property=\"og:url\" content=\"https:\/\/www.promine.com\/fr\/a-propos\/\" \/>\n<meta property=\"og:site_name\" content=\"Promine\" \/>\n<meta property=\"article:publisher\" content=\"https:\/\/www.facebook.com\/promineinc\/\" \/>\n<meta property=\"article:modified_time\" content=\"2022-07-20T20:43:21+00:00\" \/>\n<meta property=\"og:image\" content=\"https:\/\/www.promine.com\/wp-content\/uploads\/2022\/10\/M-promine.png\" \/>\n\t<meta property=\"og:image:width\" content=\"93\" \/>\n\t<meta property=\"og:image:height\" content=\"92\" \/>\n\t<meta property=\"og:image:type\" content=\"image\/png\" \/>\n<meta name=\"twitter:card\" content=\"summary_large_image\" \/>\n<meta name=\"twitter:label1\" content=\"Dur\u00e9e de lecture estim\u00e9e\" \/>\n\t<meta name=\"twitter:data1\" content=\"1 minute\" \/>\n<script type=\"application\/ld+json\" class=\"yoast-schema-graph\">{\"@context\":\"https:\/\/schema.org\",\"@graph\":[{\"@type\":\"WebPage\",\"@id\":\"https:\/\/www.promine.com\/fr\/a-propos\/\",\"url\":\"https:\/\/www.promine.com\/fr\/a-propos\/\",\"name\":\"\u00c0 propos - Promine\",\"isPartOf\":{\"@id\":\"https:\/\/www.promine.com\/fr\/#website\"},\"primaryImageOfPage\":{\"@id\":\"https:\/\/www.promine.com\/fr\/a-propos\/#primaryimage\"},\"image\":{\"@id\":\"https:\/\/www.promine.com\/fr\/a-propos\/#primaryimage\"},\"thumbnailUrl\":\"https:\/\/www.promine.com\/wp-content\/uploads\/2022\/10\/M-promine.png\",\"datePublished\":\"2022-06-27T21:33:32+00:00\",\"dateModified\":\"2022-07-20T20:43:21+00:00\",\"breadcrumb\":{\"@id\":\"https:\/\/www.promine.com\/fr\/a-propos\/#breadcrumb\"},\"inLanguage\":\"fr-FR\",\"potentialAction\":[{\"@type\":\"ReadAction\",\"target\":[\"https:\/\/www.promine.com\/fr\/a-propos\/\"]}]},{\"@type\":\"ImageObject\",\"inLanguage\":\"fr-FR\",\"@id\":\"https:\/\/www.promine.com\/fr\/a-propos\/#primaryimage\",\"url\":\"https:\/\/www.promine.com\/wp-content\/uploads\/2022\/10\/M-promine.png\",\"contentUrl\":\"https:\/\/www.promine.com\/wp-content\/uploads\/2022\/10\/M-promine.png\",\"width\":93,\"height\":92,\"caption\":\"Promine - Logo \\\"M\\\"\"},{\"@type\":\"BreadcrumbList\",\"@id\":\"https:\/\/www.promine.com\/fr\/a-propos\/#breadcrumb\",\"itemListElement\":[{\"@type\":\"ListItem\",\"position\":1,\"name\":\"Home\",\"item\":\"https:\/\/98.83.212.146\/fr\/\"},{\"@type\":\"ListItem\",\"position\":2,\"name\":\"\u00c0 propos\"}]},{\"@type\":\"WebSite\",\"@id\":\"https:\/\/www.promine.com\/fr\/#website\",\"url\":\"https:\/\/www.promine.com\/fr\/\",\"name\":\"Promine\",\"description\":\"Solutions for Everyday Mining\",\"publisher\":{\"@id\":\"https:\/\/www.promine.com\/fr\/#organization\"},\"potentialAction\":[{\"@type\":\"SearchAction\",\"target\":{\"@type\":\"EntryPoint\",\"urlTemplate\":\"https:\/\/www.promine.com\/fr\/?s={search_term_string}\"},\"query-input\":{\"@type\":\"PropertyValueSpecification\",\"valueRequired\":true,\"valueName\":\"search_term_string\"}}],\"inLanguage\":\"fr-FR\"},{\"@type\":\"Organization\",\"@id\":\"https:\/\/www.promine.com\/fr\/#organization\",\"name\":\"Promine\",\"url\":\"https:\/\/www.promine.com\/fr\/\",\"logo\":{\"@type\":\"ImageObject\",\"inLanguage\":\"fr-FR\",\"@id\":\"https:\/\/www.promine.com\/fr\/#\/schema\/logo\/image\/\",\"url\":\"https:\/\/www.promine.com\/wp-content\/uploads\/2022\/06\/Promine_Solo_Original_PNG.png\",\"contentUrl\":\"https:\/\/www.promine.com\/wp-content\/uploads\/2022\/06\/Promine_Solo_Original_PNG.png\",\"width\":3576,\"height\":407,\"caption\":\"Promine\"},\"image\":{\"@id\":\"https:\/\/www.promine.com\/fr\/#\/schema\/logo\/image\/\"},\"sameAs\":[\"https:\/\/www.facebook.com\/promineinc\/\"]}]}<\/script>\n<!-- \/ Yoast SEO plugin. -->","yoast_head_json":{"title":"\u00c0 propos - Promine","robots":{"index":"index","follow":"follow","max-snippet":"max-snippet:-1","max-image-preview":"max-image-preview:large","max-video-preview":"max-video-preview:-1"},"canonical":"https:\/\/www.promine.com\/fr\/a-propos\/","og_locale":"fr_FR","og_type":"article","og_title":"\u00c0 propos - Promine","og_description":"\u00c0 propos de nous Apprenez \u00e0 conna\u00eetre l\u2019histoire et la mission de Promine. Notre histoire Promine est un logiciel de mine et d\u2019arpentage d\u00e9velopp\u00e9 par Promine inc. Depuis 1993, Promine fournit aux compagnies mini\u00e8res des outils de CAD personnalis\u00e9s ax\u00e9s sur la planification mini\u00e8re, l\u2019arpentage et la g\u00e9ologie. D\u00e9di\u00e9 \u00e0 fournir des solutions pour les [&hellip;]","og_url":"https:\/\/www.promine.com\/fr\/a-propos\/","og_site_name":"Promine","article_publisher":"https:\/\/www.facebook.com\/promineinc\/","article_modified_time":"2022-07-20T20:43:21+00:00","og_image":[{"width":93,"height":92,"url":"https:\/\/www.promine.com\/wp-content\/uploads\/2022\/10\/M-promine.png","type":"image\/png"}],"twitter_card":"summary_large_image","twitter_misc":{"Dur\u00e9e de lecture estim\u00e9e":"1 minute"},"schema":{"@context":"https:\/\/schema.org","@graph":[{"@type":"WebPage","@id":"https:\/\/www.promine.com\/fr\/a-propos\/","url":"https:\/\/www.promine.com\/fr\/a-propos\/","name":"\u00c0 propos - Promine","isPartOf":{"@id":"https:\/\/www.promine.com\/fr\/#website"},"primaryImageOfPage":{"@id":"https:\/\/www.promine.com\/fr\/a-propos\/#primaryimage"},"image":{"@id":"https:\/\/www.promine.com\/fr\/a-propos\/#primaryimage"},"thumbnailUrl":"https:\/\/www.promine.com\/wp-content\/uploads\/2022\/10\/M-promine.png","datePublished":"2022-06-27T21:33:32+00:00","dateModified":"2022-07-20T20:43:21+00:00","breadcrumb":{"@id":"https:\/\/www.promine.com\/fr\/a-propos\/#breadcrumb"},"inLanguage":"fr-FR","potentialAction":[{"@type":"ReadAction","target":["https:\/\/www.promine.com\/fr\/a-propos\/"]}]},{"@type":"ImageObject","inLanguage":"fr-FR","@id":"https:\/\/www.promine.com\/fr\/a-propos\/#primaryimage","url":"https:\/\/www.promine.com\/wp-content\/uploads\/2022\/10\/M-promine.png","contentUrl":"https:\/\/www.promine.com\/wp-content\/uploads\/2022\/10\/M-promine.png","width":93,"height":92,"caption":"Promine - Logo \"M\""},{"@type":"BreadcrumbList","@id":"https:\/\/www.promine.com\/fr\/a-propos\/#breadcrumb","itemListElement":[{"@type":"ListItem","position":1,"name":"Home","item":"https:\/\/98.83.212.146\/fr\/"},{"@type":"ListItem","position":2,"name":"\u00c0 propos"}]},{"@type":"WebSite","@id":"https:\/\/www.promine.com\/fr\/#website","url":"https:\/\/www.promine.com\/fr\/","name":"Promine","description":"Solutions for Everyday Mining","publisher":{"@id":"https:\/\/www.promine.com\/fr\/#organization"},"potentialAction":[{"@type":"SearchAction","target":{"@type":"EntryPoint","urlTemplate":"https:\/\/www.promine.com\/fr\/?s={search_term_string}"},"query-input":{"@type":"PropertyValueSpecification","valueRequired":true,"valueName":"search_term_string"}}],"inLanguage":"fr-FR"},{"@type":"Organization","@id":"https:\/\/www.promine.com\/fr\/#organization","name":"Promine","url":"https:\/\/www.promine.com\/fr\/","logo":{"@type":"ImageObject","inLanguage":"fr-FR","@id":"https:\/\/www.promine.com\/fr\/#\/schema\/logo\/image\/","url":"https:\/\/www.promine.com\/wp-content\/uploads\/2022\/06\/Promine_Solo_Original_PNG.png","contentUrl":"https:\/\/www.promine.com\/wp-content\/uploads\/2022\/06\/Promine_Solo_Original_PNG.png","width":3576,"height":407,"caption":"Promine"},"image":{"@id":"https:\/\/www.promine.com\/fr\/#\/schema\/logo\/image\/"},"sameAs":["https:\/\/www.facebook.com\/promineinc\/"]}]}},"_links":{"self":[{"href":"https:\/\/www.promine.com\/fr\/wp-json\/wp\/v2\/pages\/2652","targetHints":{"allow":["GET"]}}],"collection":[{"href":"https:\/\/www.promine.com\/fr\/wp-json\/wp\/v2\/pages"}],"about":[{"href":"https:\/\/www.promine.com\/fr\/wp-json\/wp\/v2\/types\/page"}],"author":[{"embeddable":true,"href":"https:\/\/www.promine.com\/fr\/wp-json\/wp\/v2\/users\/1"}],"replies":[{"embeddable":true,"href":"https:\/\/www.promine.com\/fr\/wp-json\/wp\/v2\/comments?post=2652"}],"version-history":[{"count":8,"href":"https:\/\/www.promine.com\/fr\/wp-json\/wp\/v2\/pages\/2652\/revisions"}],"predecessor-version":[{"id":2724,"href":"https:\/\/www.promine.com\/fr\/wp-json\/wp\/v2\/pages\/2652\/revisions\/2724"}],"wp:featuredmedia":[{"embeddable":true,"href":"https:\/\/www.promine.com\/fr\/wp-json\/wp\/v2\/media\/11033"}],"wp:attachment":[{"href":"https:\/\/www.promine.com\/fr\/wp-json\/wp\/v2\/media?parent=2652"}],"curies":[{"name":"wp","href":"https:\/\/api.w.org\/{rel}","templated":true}]}}