{"id":9378,"date":"2022-09-05T12:07:32","date_gmt":"2022-09-05T16:07:32","guid":{"rendered":"https:\/\/promine.com\/?page_id=9378"},"modified":"2023-04-03T15:32:31","modified_gmt":"2023-04-03T19:32:31","slug":"inscribete-aqui-academica","status":"publish","type":"page","link":"https:\/\/www.promine.com\/es\/sobre-nosotros\/academica\/inscribete-aqui-academica\/","title":{"rendered":"Inscr\u00edbete Aqu\u00ed &#8211; Acad\u00e9mica"},"content":{"rendered":"\t\t<div data-elementor-type=\"wp-page\" data-elementor-id=\"9378\" class=\"elementor elementor-9378\" data-elementor-post-type=\"page\">\n\t\t\t\t\t\t<section class=\"elementor-section elementor-top-section elementor-element elementor-element-3a5c4bac elementor-section-items-stretch elementor-section-height-min-height elementor-section-boxed elementor-section-height-default\" data-id=\"3a5c4bac\" data-element_type=\"section\" data-settings=\"{&quot;background_background&quot;:&quot;gradient&quot;}\">\n\t\t\t\t\t\t<div class=\"elementor-container elementor-column-gap-default\">\n\t\t\t\t\t<div class=\"elementor-column elementor-col-50 elementor-top-column elementor-element elementor-element-42ab9a31\" data-id=\"42ab9a31\" data-element_type=\"column\">\n\t\t\t<div class=\"elementor-widget-wrap elementor-element-populated\">\n\t\t\t\t\t\t<div class=\"elementor-element elementor-element-7a3995ef elementor-widget elementor-widget-heading\" data-id=\"7a3995ef\" data-element_type=\"widget\" data-widget_type=\"heading.default\">\n\t\t\t\t<div class=\"elementor-widget-container\">\n\t\t\t\t\t<h1 class=\"elementor-heading-title elementor-size-default\">INSCR\u00cdBETE AQU\u00cd<\/h1>\t\t\t\t<\/div>\n\t\t\t\t<\/div>\n\t\t\t\t<div class=\"elementor-element elementor-element-114229b8 elementor-widget elementor-widget-text-editor\" data-id=\"114229b8\" data-element_type=\"widget\" data-widget_type=\"text-editor.default\">\n\t\t\t\t<div class=\"elementor-widget-container\">\n\t\t\t\t\t\t\t\t\t<div class=\"et_pb_column et_pb_column_3_5 et_pb_column_0 et_pb_css_mix_blend_mode_passthrough\"><div class=\"et_pb_module et_pb_text et_pb_text_0 et_pb_text_align_left et_pb_bg_layout_dark\"><div class=\"et_pb_text_inner\"><p>\u00bfListo para inscribir tu universidad con Promine?<\/p><\/div><\/div><\/div>\t\t\t\t\t\t\t\t<\/div>\n\t\t\t\t<\/div>\n\t\t\t\t\t<\/div>\n\t\t<\/div>\n\t\t\t\t<div class=\"elementor-column elementor-col-50 elementor-top-column elementor-element elementor-element-2b9ebdf\" data-id=\"2b9ebdf\" data-element_type=\"column\">\n\t\t\t<div class=\"elementor-widget-wrap\">\n\t\t\t\t\t\t\t<\/div>\n\t\t<\/div>\n\t\t\t\t\t<\/div>\n\t\t<\/section>\n\t\t\t\t<section class=\"elementor-section elementor-top-section elementor-element elementor-element-36376303 elementor-section-boxed elementor-section-height-default elementor-section-height-default\" data-id=\"36376303\" data-element_type=\"section\">\n\t\t\t\t\t\t<div class=\"elementor-container elementor-column-gap-default\">\n\t\t\t\t\t<div class=\"elementor-column elementor-col-100 elementor-top-column elementor-element elementor-element-39f79842\" data-id=\"39f79842\" data-element_type=\"column\">\n\t\t\t<div class=\"elementor-widget-wrap elementor-element-populated\">\n\t\t\t\t\t\t<div class=\"elementor-element elementor-element-5c6e9470 elementor-widget elementor-widget-text-editor\" data-id=\"5c6e9470\" data-element_type=\"widget\" data-widget_type=\"text-editor.default\">\n\t\t\t\t<div class=\"elementor-widget-container\">\n\t\t\t\t\t\t\t\t\t<p>\u00a1Siga los pasos a continuaci\u00f3n para instalar Promine en su universidad y beneficiarse de un software de miner\u00eda y topograf\u00eda f\u00e1cil de usar!<\/p>\t\t\t\t\t\t\t\t<\/div>\n\t\t\t\t<\/div>\n\t\t\t\t<div class=\"elementor-element elementor-element-60850d6 elementor-widget elementor-widget-text-editor\" data-id=\"60850d6\" data-element_type=\"widget\" data-widget_type=\"text-editor.default\">\n\t\t\t\t<div class=\"elementor-widget-container\">\n\t\t\t\t\t\t\t\t\t<ol><li>En la\u00a0<a tabindex=\"-1\" title=\"https:\/\/ec2-3-214-184-111.compute-1.amazonaws.com\/es\/contactenos\" href=\"https:\/\/promine.com\/es\/contactenos\/\" target=\"_blank\" rel=\"noopener noreferrer\" aria-label=\"Link p\u00e1gina Cont\u00e1ctenos\">p\u00e1gina Cont\u00e1ctenos<\/a>, seleccione su regi\u00f3n en el mapa mundial. Env\u00ede un correo electr\u00f3nico al ejecutivo de cuenta que aparece al hacer clic en su regi\u00f3n.<\/li><li>El ejecutivo de cuenta te enviar\u00e1 un contrato, en el que se definen los t\u00e9rminos entre Promine y tu Universidad. Por favor, l\u00e9alo detenidamente.<\/li><li>El contrato entonces deber\u00e1 ser firmado por la universidad o el titular o director de la instituci\u00f3n.<\/li><li>Una vez firmado el convenio, el ejecutivo de cuenta iniciar\u00e1 el proceso de instalaci\u00f3n de Promine en tu Universidad. Si Promine se instalar\u00e1 en un servidor, proporci\u00f3nenos la informaci\u00f3n de contacto del Departamento de TI para garantizar que la instalaci\u00f3n se realice correctamente.<\/li><li>Una vez completada la instalaci\u00f3n, el profesor\/profesor\/instructor recibir\u00e1 licencias, sin cargo, y 16 horas de capacitaci\u00f3n en l\u00ednea gratuita.<\/li><li>El Profesor\/Profesor\/Instructor puede comenzar a ense\u00f1ar Promine a los estudiantes.<\/li><li>Adem\u00e1s de proporcionar licencias en el servidor de la universidad, los estudiantes tambi\u00e9n pueden solicitar una licencia de estudiante personal utilizando el formulario:\u00a0<a tabindex=\"-1\" title=\"https:\/\/promine.com\/es\/servicios\/academica\/#\" href=\"https:\/\/promine.com\/es\/servicios\/academica\/#\" target=\"_blank\" rel=\"noopener noreferrer\" aria-label=\"Link Solicitud de licencia acad\u00e9mica de estudiante.\">Solicitud de licencia acad\u00e9mica de estudiante.<\/a><\/li><\/ol>\t\t\t\t\t\t\t\t<\/div>\n\t\t\t\t<\/div>\n\t\t\t\t\t<\/div>\n\t\t<\/div>\n\t\t\t\t\t<\/div>\n\t\t<\/section>\n\t\t\t\t<section class=\"elementor-section elementor-top-section elementor-element elementor-element-ba89393 elementor-section-boxed elementor-section-height-default elementor-section-height-default\" data-id=\"ba89393\" data-element_type=\"section\" data-settings=\"{&quot;background_background&quot;:&quot;classic&quot;}\">\n\t\t\t\t\t\t<div class=\"elementor-container elementor-column-gap-default\">\n\t\t\t\t\t<div class=\"elementor-column elementor-col-100 elementor-top-column elementor-element elementor-element-805091c\" data-id=\"805091c\" data-element_type=\"column\">\n\t\t\t<div class=\"elementor-widget-wrap elementor-element-populated\">\n\t\t\t\t\t\t<div class=\"elementor-element elementor-element-e4a84e5 elementor-widget elementor-widget-template\" data-id=\"e4a84e5\" data-element_type=\"widget\" data-widget_type=\"template.default\">\n\t\t\t\t<div class=\"elementor-widget-container\">\n\t\t\t\t\t\t\t<div class=\"elementor-template\">\n\t\t\t\t\t<div data-elementor-type=\"section\" data-elementor-id=\"5616\" class=\"elementor elementor-5616\" data-elementor-post-type=\"elementor_library\">\n\t\t\t\t\t<section class=\"elementor-section elementor-top-section elementor-element elementor-element-e5d18c0 elementor-section-boxed elementor-section-height-default elementor-section-height-default\" data-id=\"e5d18c0\" data-element_type=\"section\" data-settings=\"{&quot;background_background&quot;:&quot;classic&quot;}\">\n\t\t\t\t\t\t<div class=\"elementor-container elementor-column-gap-default\">\n\t\t\t\t\t<div class=\"elementor-column elementor-col-100 elementor-top-column elementor-element elementor-element-dc52f00\" data-id=\"dc52f00\" data-element_type=\"column\" data-settings=\"{&quot;background_background&quot;:&quot;classic&quot;}\">\n\t\t\t<div class=\"elementor-widget-wrap elementor-element-populated\">\n\t\t\t\t\t\t<div class=\"elementor-element elementor-element-467e778 elementor-widget elementor-widget-text-editor\" data-id=\"467e778\" data-element_type=\"widget\" data-widget_type=\"text-editor.default\">\n\t\t\t\t<div class=\"elementor-widget-container\">\n\t\t\t\t\t\t\t\t\t<p>INSCRIBIRSE<\/p>\t\t\t\t\t\t\t\t<\/div>\n\t\t\t\t<\/div>\n\t\t\t\t<div class=\"elementor-element elementor-element-d886719 elementor-widget elementor-widget-text-editor\" data-id=\"d886719\" data-element_type=\"widget\" data-widget_type=\"text-editor.default\">\n\t\t\t\t<div class=\"elementor-widget-container\">\n\t\t\t\t\t\t\t\t\t<div class=\"et_pb_module et_pb_text et_pb_text_20 et_pb_text_align_center et_pb_bg_layout_light\"><div class=\"et_pb_text_inner\">Aprenda Promine a trav\u00e9s de eventos en vivo<\/div><\/div>\t\t\t\t\t\t\t\t<\/div>\n\t\t\t\t<\/div>\n\t\t\t\t<div class=\"elementor-element elementor-element-a3bd8b4 elementor-align-center elementor-widget elementor-widget-button\" data-id=\"a3bd8b4\" data-element_type=\"widget\" data-widget_type=\"button.default\">\n\t\t\t\t<div class=\"elementor-widget-container\">\n\t\t\t\t\t\t\t\t\t<div class=\"elementor-button-wrapper\">\n\t\t\t\t\t<a class=\"elementor-button elementor-button-link elementor-size-sm elementor-animation-shrink\" href=\"https:\/\/www.promine.com\/es\/?page_id=5057\">\n\t\t\t\t\t\t<span class=\"elementor-button-content-wrapper\">\n\t\t\t\t\t\t\t\t\t<span class=\"elementor-button-text\">Ver calendario<\/span>\n\t\t\t\t\t<\/span>\n\t\t\t\t\t<\/a>\n\t\t\t\t<\/div>\n\t\t\t\t\t\t\t\t<\/div>\n\t\t\t\t<\/div>\n\t\t\t\t\t<\/div>\n\t\t<\/div>\n\t\t\t\t\t<\/div>\n\t\t<\/section>\n\t\t\t\t<\/div>\n\t\t\t\t<\/div>\n\t\t\t\t\t\t<\/div>\n\t\t\t\t<\/div>\n\t\t\t\t\t<\/div>\n\t\t<\/div>\n\t\t\t\t\t<\/div>\n\t\t<\/section>\n\t\t\t\t<section class=\"elementor-section elementor-top-section elementor-element elementor-element-cc1ddb9 elementor-section-boxed elementor-section-height-default elementor-section-height-default\" data-id=\"cc1ddb9\" data-element_type=\"section\" data-settings=\"{&quot;background_background&quot;:&quot;classic&quot;}\">\n\t\t\t\t\t\t<div class=\"elementor-container elementor-column-gap-default\">\n\t\t\t\t\t<div class=\"elementor-column elementor-col-100 elementor-top-column elementor-element elementor-element-1053693\" data-id=\"1053693\" data-element_type=\"column\">\n\t\t\t<div class=\"elementor-widget-wrap elementor-element-populated\">\n\t\t\t\t\t\t<div class=\"elementor-element elementor-element-51d9ce3 elementor-widget elementor-widget-template\" data-id=\"51d9ce3\" data-element_type=\"widget\" data-widget_type=\"template.default\">\n\t\t\t\t<div class=\"elementor-widget-container\">\n\t\t\t\t\t\t\t<div class=\"elementor-template\">\n\t\t\t\t\t<div data-elementor-type=\"section\" data-elementor-id=\"5668\" class=\"elementor elementor-5668\" data-elementor-post-type=\"elementor_library\">\n\t\t\t\t\t<section class=\"elementor-section elementor-top-section elementor-element elementor-element-db480a0 elementor-section-boxed elementor-section-height-default elementor-section-height-default\" data-id=\"db480a0\" data-element_type=\"section\" data-settings=\"{&quot;background_background&quot;:&quot;classic&quot;}\">\n\t\t\t\t\t\t<div class=\"elementor-container elementor-column-gap-default\">\n\t\t\t\t\t<div class=\"elementor-column elementor-col-100 elementor-top-column elementor-element elementor-element-a182f68\" data-id=\"a182f68\" data-element_type=\"column\" data-settings=\"{&quot;background_background&quot;:&quot;classic&quot;}\">\n\t\t\t<div class=\"elementor-widget-wrap elementor-element-populated\">\n\t\t\t\t\t\t<div class=\"elementor-element elementor-element-c4f0b8e elementor-widget elementor-widget-text-editor\" data-id=\"c4f0b8e\" data-element_type=\"widget\" data-widget_type=\"text-editor.default\">\n\t\t\t\t<div class=\"elementor-widget-container\">\n\t\t\t\t\t\t\t\t\t<p><strong>ACTUALIZACI\u00d3N DE LAS NOTICIAS<\/strong><\/p>\t\t\t\t\t\t\t\t<\/div>\n\t\t\t\t<\/div>\n\t\t\t\t<div class=\"elementor-element elementor-element-f3956f5 elementor-widget elementor-widget-text-editor\" data-id=\"f3956f5\" data-element_type=\"widget\" data-widget_type=\"text-editor.default\">\n\t\t\t\t<div class=\"elementor-widget-container\">\n\t\t\t\t\t\t\t\t\t<div class=\"et_pb_module et_pb_text et_pb_text_20 et_pb_text_align_center et_pb_bg_layout_light\"><div class=\"et_pb_text_inner\"><p>Suscr\u00edbete a nuestro bolet\u00edn<\/p><\/div><\/div>\t\t\t\t\t\t\t\t<\/div>\n\t\t\t\t<\/div>\n\t\t\t\t\t<\/div>\n\t\t<\/div>\n\t\t\t\t\t<\/div>\n\t\t<\/section>\n\t\t\t\t<\/div>\n\t\t\t\t<\/div>\n\t\t\t\t\t\t<\/div>\n\t\t\t\t<\/div>\n\t\t\t\t\t<\/div>\n\t\t<\/div>\n\t\t\t\t\t<\/div>\n\t\t<\/section>\n\t\t\t\t<section class=\"elementor-section elementor-top-section elementor-element elementor-element-b591998 elementor-section-boxed elementor-section-height-default elementor-section-height-default\" data-id=\"b591998\" data-element_type=\"section\" data-settings=\"{&quot;background_background&quot;:&quot;classic&quot;}\">\n\t\t\t\t\t\t<div class=\"elementor-container elementor-column-gap-default\">\n\t\t\t\t\t<div class=\"elementor-column elementor-col-100 elementor-top-column elementor-element elementor-element-b9f3169\" data-id=\"b9f3169\" data-element_type=\"column\">\n\t\t\t<div class=\"elementor-widget-wrap elementor-element-populated\">\n\t\t\t\t\t\t<div class=\"elementor-element elementor-element-348ef31 elementor-widget elementor-widget-template\" data-id=\"348ef31\" data-element_type=\"widget\" data-widget_type=\"template.default\">\n\t\t\t\t<div class=\"elementor-widget-container\">\n\t\t\t\t\t\t\t<div class=\"elementor-template\">\n\t\t\t\t\t<div data-elementor-type=\"section\" data-elementor-id=\"5672\" class=\"elementor elementor-5672\" data-elementor-post-type=\"elementor_library\">\n\t\t\t\t\t<section class=\"elementor-section elementor-top-section elementor-element elementor-element-21067fe elementor-section-boxed elementor-section-height-default elementor-section-height-default\" data-id=\"21067fe\" data-element_type=\"section\">\n\t\t\t\t\t\t<div class=\"elementor-container elementor-column-gap-default\">\n\t\t\t\t\t<div class=\"elementor-column elementor-col-50 elementor-top-column elementor-element elementor-element-0ddec9f\" data-id=\"0ddec9f\" data-element_type=\"column\">\n\t\t\t<div class=\"elementor-widget-wrap elementor-element-populated\">\n\t\t\t\t\t\t<div class=\"elementor-element elementor-element-caecbb2 elementor-widget elementor-widget-text-editor\" data-id=\"caecbb2\" data-element_type=\"widget\" data-widget_type=\"text-editor.default\">\n\t\t\t\t<div class=\"elementor-widget-container\">\n\t\t\t\t\t\t\t\t\t<p>\u00a1No olvides seguirnos en las redes sociales para mantenerte actualizado sobre todas las noticias y eventos!<\/p>\t\t\t\t\t\t\t\t<\/div>\n\t\t\t\t<\/div>\n\t\t\t\t\t<\/div>\n\t\t<\/div>\n\t\t\t\t<div class=\"elementor-column elementor-col-50 elementor-top-column elementor-element elementor-element-6015e78\" data-id=\"6015e78\" data-element_type=\"column\">\n\t\t\t<div class=\"elementor-widget-wrap elementor-element-populated\">\n\t\t\t\t\t\t<div class=\"elementor-element elementor-element-5e84c24 elementor-shape-circle e-grid-align-right e-grid-align-mobile-center elementor-grid-0 elementor-widget elementor-widget-social-icons\" data-id=\"5e84c24\" data-element_type=\"widget\" data-widget_type=\"social-icons.default\">\n\t\t\t\t<div class=\"elementor-widget-container\">\n\t\t\t\t\t\t\t<div class=\"elementor-social-icons-wrapper elementor-grid\">\n\t\t\t\t\t\t\t<span class=\"elementor-grid-item\">\n\t\t\t\t\t<a class=\"elementor-icon elementor-social-icon elementor-social-icon-linkedin elementor-animation-shrink elementor-repeater-item-95cf72e\" href=\"https:\/\/www.linkedin.com\/company\/promineinc\/\" target=\"_blank\">\n\t\t\t\t\t\t<span class=\"elementor-screen-only\">Linkedin<\/span>\n\t\t\t\t\t\t<i class=\"fab fa-linkedin\"><\/i>\t\t\t\t\t<\/a>\n\t\t\t\t<\/span>\n\t\t\t\t\t\t\t<span class=\"elementor-grid-item\">\n\t\t\t\t\t<a class=\"elementor-icon elementor-social-icon elementor-social-icon-youtube elementor-animation-shrink elementor-repeater-item-b1f1177\" href=\"https:\/\/www.youtube.com\/c\/PromineInc\" target=\"_blank\">\n\t\t\t\t\t\t<span class=\"elementor-screen-only\">Youtube<\/span>\n\t\t\t\t\t\t<i class=\"fab fa-youtube\"><\/i>\t\t\t\t\t<\/a>\n\t\t\t\t<\/span>\n\t\t\t\t\t\t\t<span class=\"elementor-grid-item\">\n\t\t\t\t\t<a class=\"elementor-icon elementor-social-icon elementor-social-icon-facebook elementor-animation-shrink elementor-repeater-item-b517fa6\" href=\"https:\/\/www.facebook.com\/promineinc\/\" target=\"_blank\">\n\t\t\t\t\t\t<span class=\"elementor-screen-only\">Facebook<\/span>\n\t\t\t\t\t\t<i class=\"fab fa-facebook\"><\/i>\t\t\t\t\t<\/a>\n\t\t\t\t<\/span>\n\t\t\t\t\t\t\t<span class=\"elementor-grid-item\">\n\t\t\t\t\t<a class=\"elementor-icon elementor-social-icon elementor-social-icon-instagram elementor-animation-shrink elementor-repeater-item-801763c\" href=\"https:\/\/www.instagram.com\/prominelatam\/\" target=\"_blank\">\n\t\t\t\t\t\t<span class=\"elementor-screen-only\">Instagram<\/span>\n\t\t\t\t\t\t<i class=\"fab fa-instagram\"><\/i>\t\t\t\t\t<\/a>\n\t\t\t\t<\/span>\n\t\t\t\t\t<\/div>\n\t\t\t\t\t\t<\/div>\n\t\t\t\t<\/div>\n\t\t\t\t\t<\/div>\n\t\t<\/div>\n\t\t\t\t\t<\/div>\n\t\t<\/section>\n\t\t\t\t<\/div>\n\t\t\t\t<\/div>\n\t\t\t\t\t\t<\/div>\n\t\t\t\t<\/div>\n\t\t\t\t\t<\/div>\n\t\t<\/div>\n\t\t\t\t\t<\/div>\n\t\t<\/section>\n\t\t\t\t<\/div>\n\t\t","protected":false},"excerpt":{"rendered":"<p>INSCR\u00cdBETE AQU\u00cd \u00bfListo para inscribir tu universidad con Promine? \u00a1Siga los pasos a continuaci\u00f3n para instalar Promine en su universidad y beneficiarse de un software de miner\u00eda y topograf\u00eda f\u00e1cil de usar! En la\u00a0p\u00e1gina Cont\u00e1ctenos, seleccione su regi\u00f3n en el mapa mundial. Env\u00ede un correo electr\u00f3nico al ejecutivo de cuenta que aparece al hacer clic [&hellip;]<\/p>\n","protected":false},"author":3,"featured_media":0,"parent":9329,"menu_order":1,"comment_status":"closed","ping_status":"closed","template":"","meta":{"_acf_changed":false,"footnotes":""},"class_list":["post-9378","page","type-page","status-publish","hentry"],"acf":[],"yoast_head":"<!-- This site is optimized with the Yoast SEO plugin v24.0 - https:\/\/yoast.com\/wordpress\/plugins\/seo\/ -->\n<title>Inscr\u00edbete Aqu\u00ed - Acad\u00e9mica - Promine<\/title>\n<meta name=\"robots\" content=\"index, follow, max-snippet:-1, max-image-preview:large, max-video-preview:-1\" \/>\n<link rel=\"canonical\" href=\"https:\/\/www.promine.com\/es\/sobre-nosotros\/academica\/inscribete-aqui-academica\/\" \/>\n<meta property=\"og:locale\" content=\"es_ES\" \/>\n<meta property=\"og:type\" content=\"article\" \/>\n<meta property=\"og:title\" content=\"Inscr\u00edbete Aqu\u00ed - Acad\u00e9mica - Promine\" \/>\n<meta property=\"og:description\" content=\"INSCR\u00cdBETE AQU\u00cd \u00bfListo para inscribir tu universidad con Promine? \u00a1Siga los pasos a continuaci\u00f3n para instalar Promine en su universidad y beneficiarse de un software de miner\u00eda y topograf\u00eda f\u00e1cil de usar! En la\u00a0p\u00e1gina Cont\u00e1ctenos, seleccione su regi\u00f3n en el mapa mundial. Env\u00ede un correo electr\u00f3nico al ejecutivo de cuenta que aparece al hacer clic [&hellip;]\" \/>\n<meta property=\"og:url\" content=\"https:\/\/www.promine.com\/es\/sobre-nosotros\/academica\/inscribete-aqui-academica\/\" \/>\n<meta property=\"og:site_name\" content=\"Promine\" \/>\n<meta property=\"article:publisher\" content=\"https:\/\/www.facebook.com\/promineinc\/\" \/>\n<meta property=\"article:modified_time\" content=\"2023-04-03T19:32:31+00:00\" \/>\n<meta name=\"twitter:card\" content=\"summary_large_image\" \/>\n<meta name=\"twitter:label1\" content=\"Tiempo de lectura\" \/>\n\t<meta name=\"twitter:data1\" content=\"1 minuto\" \/>\n<script type=\"application\/ld+json\" class=\"yoast-schema-graph\">{\"@context\":\"https:\/\/schema.org\",\"@graph\":[{\"@type\":\"WebPage\",\"@id\":\"https:\/\/www.promine.com\/es\/sobre-nosotros\/academica\/inscribete-aqui-academica\/\",\"url\":\"https:\/\/www.promine.com\/es\/sobre-nosotros\/academica\/inscribete-aqui-academica\/\",\"name\":\"Inscr\u00edbete Aqu\u00ed - Acad\u00e9mica - Promine\",\"isPartOf\":{\"@id\":\"https:\/\/www.promine.com\/es\/#website\"},\"datePublished\":\"2022-09-05T16:07:32+00:00\",\"dateModified\":\"2023-04-03T19:32:31+00:00\",\"breadcrumb\":{\"@id\":\"https:\/\/www.promine.com\/es\/sobre-nosotros\/academica\/inscribete-aqui-academica\/#breadcrumb\"},\"inLanguage\":\"es\",\"potentialAction\":[{\"@type\":\"ReadAction\",\"target\":[\"https:\/\/www.promine.com\/es\/sobre-nosotros\/academica\/inscribete-aqui-academica\/\"]}]},{\"@type\":\"BreadcrumbList\",\"@id\":\"https:\/\/www.promine.com\/es\/sobre-nosotros\/academica\/inscribete-aqui-academica\/#breadcrumb\",\"itemListElement\":[{\"@type\":\"ListItem\",\"position\":1,\"name\":\"Home\",\"item\":\"https:\/\/www.promine.com\/es\/\"},{\"@type\":\"ListItem\",\"position\":2,\"name\":\"Sobre Nosotros\",\"item\":\"https:\/\/www.promine.com\/es\/sobre-nosotros\/\"},{\"@type\":\"ListItem\",\"position\":3,\"name\":\"Acad\u00e9mica\",\"item\":\"https:\/\/www.promine.com\/es\/sobre-nosotros\/academica\/\"},{\"@type\":\"ListItem\",\"position\":4,\"name\":\"Inscr\u00edbete Aqu\u00ed &#8211; Acad\u00e9mica\"}]},{\"@type\":\"WebSite\",\"@id\":\"https:\/\/www.promine.com\/es\/#website\",\"url\":\"https:\/\/www.promine.com\/es\/\",\"name\":\"Promine\",\"description\":\"Solutions for Everyday Mining\",\"publisher\":{\"@id\":\"https:\/\/www.promine.com\/es\/#organization\"},\"potentialAction\":[{\"@type\":\"SearchAction\",\"target\":{\"@type\":\"EntryPoint\",\"urlTemplate\":\"https:\/\/www.promine.com\/es\/?s={search_term_string}\"},\"query-input\":{\"@type\":\"PropertyValueSpecification\",\"valueRequired\":true,\"valueName\":\"search_term_string\"}}],\"inLanguage\":\"es\"},{\"@type\":\"Organization\",\"@id\":\"https:\/\/www.promine.com\/es\/#organization\",\"name\":\"Promine\",\"url\":\"https:\/\/www.promine.com\/es\/\",\"logo\":{\"@type\":\"ImageObject\",\"inLanguage\":\"es\",\"@id\":\"https:\/\/www.promine.com\/es\/#\/schema\/logo\/image\/\",\"url\":\"https:\/\/www.promine.com\/wp-content\/uploads\/2022\/06\/Promine_Solo_Original_PNG.png\",\"contentUrl\":\"https:\/\/www.promine.com\/wp-content\/uploads\/2022\/06\/Promine_Solo_Original_PNG.png\",\"width\":3576,\"height\":407,\"caption\":\"Promine\"},\"image\":{\"@id\":\"https:\/\/www.promine.com\/es\/#\/schema\/logo\/image\/\"},\"sameAs\":[\"https:\/\/www.facebook.com\/promineinc\/\"]}]}<\/script>\n<!-- \/ Yoast SEO plugin. -->","yoast_head_json":{"title":"Inscr\u00edbete Aqu\u00ed - Acad\u00e9mica - Promine","robots":{"index":"index","follow":"follow","max-snippet":"max-snippet:-1","max-image-preview":"max-image-preview:large","max-video-preview":"max-video-preview:-1"},"canonical":"https:\/\/www.promine.com\/es\/sobre-nosotros\/academica\/inscribete-aqui-academica\/","og_locale":"es_ES","og_type":"article","og_title":"Inscr\u00edbete Aqu\u00ed - Acad\u00e9mica - Promine","og_description":"INSCR\u00cdBETE AQU\u00cd \u00bfListo para inscribir tu universidad con Promine? \u00a1Siga los pasos a continuaci\u00f3n para instalar Promine en su universidad y beneficiarse de un software de miner\u00eda y topograf\u00eda f\u00e1cil de usar! En la\u00a0p\u00e1gina Cont\u00e1ctenos, seleccione su regi\u00f3n en el mapa mundial. Env\u00ede un correo electr\u00f3nico al ejecutivo de cuenta que aparece al hacer clic [&hellip;]","og_url":"https:\/\/www.promine.com\/es\/sobre-nosotros\/academica\/inscribete-aqui-academica\/","og_site_name":"Promine","article_publisher":"https:\/\/www.facebook.com\/promineinc\/","article_modified_time":"2023-04-03T19:32:31+00:00","twitter_card":"summary_large_image","twitter_misc":{"Tiempo de lectura":"1 minuto"},"schema":{"@context":"https:\/\/schema.org","@graph":[{"@type":"WebPage","@id":"https:\/\/www.promine.com\/es\/sobre-nosotros\/academica\/inscribete-aqui-academica\/","url":"https:\/\/www.promine.com\/es\/sobre-nosotros\/academica\/inscribete-aqui-academica\/","name":"Inscr\u00edbete Aqu\u00ed - Acad\u00e9mica - Promine","isPartOf":{"@id":"https:\/\/www.promine.com\/es\/#website"},"datePublished":"2022-09-05T16:07:32+00:00","dateModified":"2023-04-03T19:32:31+00:00","breadcrumb":{"@id":"https:\/\/www.promine.com\/es\/sobre-nosotros\/academica\/inscribete-aqui-academica\/#breadcrumb"},"inLanguage":"es","potentialAction":[{"@type":"ReadAction","target":["https:\/\/www.promine.com\/es\/sobre-nosotros\/academica\/inscribete-aqui-academica\/"]}]},{"@type":"BreadcrumbList","@id":"https:\/\/www.promine.com\/es\/sobre-nosotros\/academica\/inscribete-aqui-academica\/#breadcrumb","itemListElement":[{"@type":"ListItem","position":1,"name":"Home","item":"https:\/\/www.promine.com\/es\/"},{"@type":"ListItem","position":2,"name":"Sobre Nosotros","item":"https:\/\/www.promine.com\/es\/sobre-nosotros\/"},{"@type":"ListItem","position":3,"name":"Acad\u00e9mica","item":"https:\/\/www.promine.com\/es\/sobre-nosotros\/academica\/"},{"@type":"ListItem","position":4,"name":"Inscr\u00edbete Aqu\u00ed &#8211; Acad\u00e9mica"}]},{"@type":"WebSite","@id":"https:\/\/www.promine.com\/es\/#website","url":"https:\/\/www.promine.com\/es\/","name":"Promine","description":"Solutions for Everyday Mining","publisher":{"@id":"https:\/\/www.promine.com\/es\/#organization"},"potentialAction":[{"@type":"SearchAction","target":{"@type":"EntryPoint","urlTemplate":"https:\/\/www.promine.com\/es\/?s={search_term_string}"},"query-input":{"@type":"PropertyValueSpecification","valueRequired":true,"valueName":"search_term_string"}}],"inLanguage":"es"},{"@type":"Organization","@id":"https:\/\/www.promine.com\/es\/#organization","name":"Promine","url":"https:\/\/www.promine.com\/es\/","logo":{"@type":"ImageObject","inLanguage":"es","@id":"https:\/\/www.promine.com\/es\/#\/schema\/logo\/image\/","url":"https:\/\/www.promine.com\/wp-content\/uploads\/2022\/06\/Promine_Solo_Original_PNG.png","contentUrl":"https:\/\/www.promine.com\/wp-content\/uploads\/2022\/06\/Promine_Solo_Original_PNG.png","width":3576,"height":407,"caption":"Promine"},"image":{"@id":"https:\/\/www.promine.com\/es\/#\/schema\/logo\/image\/"},"sameAs":["https:\/\/www.facebook.com\/promineinc\/"]}]}},"_links":{"self":[{"href":"https:\/\/www.promine.com\/es\/wp-json\/wp\/v2\/pages\/9378","targetHints":{"allow":["GET"]}}],"collection":[{"href":"https:\/\/www.promine.com\/es\/wp-json\/wp\/v2\/pages"}],"about":[{"href":"https:\/\/www.promine.com\/es\/wp-json\/wp\/v2\/types\/page"}],"author":[{"embeddable":true,"href":"https:\/\/www.promine.com\/es\/wp-json\/wp\/v2\/users\/3"}],"replies":[{"embeddable":true,"href":"https:\/\/www.promine.com\/es\/wp-json\/wp\/v2\/comments?post=9378"}],"version-history":[{"count":4,"href":"https:\/\/www.promine.com\/es\/wp-json\/wp\/v2\/pages\/9378\/revisions"}],"predecessor-version":[{"id":9382,"href":"https:\/\/www.promine.com\/es\/wp-json\/wp\/v2\/pages\/9378\/revisions\/9382"}],"up":[{"embeddable":true,"href":"https:\/\/www.promine.com\/es\/wp-json\/wp\/v2\/pages\/9329"}],"wp:attachment":[{"href":"https:\/\/www.promine.com\/es\/wp-json\/wp\/v2\/media?parent=9378"}],"curies":[{"name":"wp","href":"https:\/\/api.w.org\/{rel}","templated":true}]}}