{"id":18085,"date":"2023-04-03T13:15:59","date_gmt":"2023-04-03T17:15:59","guid":{"rendered":"https:\/\/promine.com\/?page_id=18085"},"modified":"2023-04-03T15:26:50","modified_gmt":"2023-04-03T19:26:50","slug":"mapa-del-sitio","status":"publish","type":"page","link":"https:\/\/www.promine.com\/es\/mapa-del-sitio\/","title":{"rendered":"Mapa del Sitio"},"content":{"rendered":"\t\t<div data-elementor-type=\"wp-page\" data-elementor-id=\"18085\" class=\"elementor elementor-18085 elementor-18000\" data-elementor-post-type=\"page\">\n\t\t\t\t<div class=\"elementor-element elementor-element-0bed555 e-flex e-con-boxed e-con e-parent\" data-id=\"0bed555\" data-element_type=\"container\" data-settings=\"{&quot;background_background&quot;:&quot;gradient&quot;}\">\n\t\t\t\t\t<div class=\"e-con-inner\">\n\t\t\t\t<div class=\"elementor-element elementor-element-fe718b9 elementor-widget elementor-widget-heading\" data-id=\"fe718b9\" data-element_type=\"widget\" data-widget_type=\"heading.default\">\n\t\t\t\t<div class=\"elementor-widget-container\">\n\t\t\t\t\t<h2 class=\"elementor-heading-title elementor-size-default\">Mapa del Sitio<\/h2>\t\t\t\t<\/div>\n\t\t\t\t<\/div>\n\t\t\t\t\t<\/div>\n\t\t\t\t<\/div>\n\t\t<div class=\"elementor-element elementor-element-82326fa e-flex e-con-boxed e-con e-parent\" data-id=\"82326fa\" data-element_type=\"container\">\n\t\t\t\t\t<div class=\"e-con-inner\">\n\t\t\t\t<div class=\"elementor-element elementor-element-b1adf98 elementor-widget elementor-widget-sitemap\" data-id=\"b1adf98\" data-element_type=\"widget\" data-widget_type=\"sitemap.default\">\n\t\t\t\t<div class=\"elementor-widget-container\">\n\t\t\t\t\t<div class=\"elementor-sitemap-wrap\"><div class=\"elementor-sitemap-section\"><h2 class=\"elementor-sitemap-title elementor-sitemap-page-title\">P\u00e1ginas<\/h2><ul class=\"elementor-sitemap-list elementor-sitemap-page-list\"><li class=\"elementor-sitemap-item elementor-sitemap-item-page page_item page-item-19450\"><a href=\"https:\/\/www.promine.com\/es\/registrese-al-programa-educativo\/\">Reg\u00edstrese al Programa Educativo<\/a><\/li><li class=\"elementor-sitemap-item elementor-sitemap-item-page page_item page-item-18085\"><a href=\"https:\/\/www.promine.com\/es\/mapa-del-sitio\/\">Mapa del Sitio<\/a><\/li><li class=\"elementor-sitemap-item elementor-sitemap-item-page page_item page-item-13257\"><a href=\"https:\/\/www.promine.com\/es\/contactenos\/\">Cont\u00e1ctenos<\/a><ul class='children'><li class=\"elementor-sitemap-item elementor-sitemap-item-page page_item page-item-20871\"><a href=\"https:\/\/www.promine.com\/es\/contactenos\/contactese-con-ventas\/\">Cont\u00e1ctese con Ventas<\/a><\/li><li class=\"elementor-sitemap-item elementor-sitemap-item-page page_item page-item-2994\"><a href=\"https:\/\/www.promine.com\/es\/contactenos\/soporte\/\">Soporte<\/a><\/li><\/ul><\/li><li class=\"elementor-sitemap-item elementor-sitemap-item-page page_item page-item-7576\"><a href=\"https:\/\/www.promine.com\/es\/contenido\/\">Contenido<\/a><ul class='children'><li class=\"elementor-sitemap-item elementor-sitemap-item-page page_item page-item-20413\"><a href=\"https:\/\/www.promine.com\/es\/contenido\/eventos-en-vivo\/\">Eventos en Vivo<\/a><\/li><li class=\"elementor-sitemap-item elementor-sitemap-item-page page_item page-item-2971\"><a href=\"https:\/\/www.promine.com\/es\/contenido\/tips-del-mes\/\">Tips del Mes<\/a><\/li><li class=\"elementor-sitemap-item elementor-sitemap-item-page page_item page-item-2966\"><a href=\"https:\/\/www.promine.com\/es\/contenido\/grabaciones-de-podcast\/\">Grabaciones de Podcast<\/a><\/li><li class=\"elementor-sitemap-item elementor-sitemap-item-page page_item page-item-3768\"><a href=\"https:\/\/www.promine.com\/es\/contenido\/new-developments\/\">New Developments<\/a><\/li><li class=\"elementor-sitemap-item elementor-sitemap-item-page page_item page-item-2950\"><a href=\"https:\/\/www.promine.com\/es\/contenido\/blogs\/\">Blogs<\/a><\/li><\/ul><\/li><li class=\"elementor-sitemap-item elementor-sitemap-item-page page_item page-item-9016\"><a href=\"https:\/\/www.promine.com\/es\/solicitud-de-licencia-para-estudiantes\/\">Solicitud de licencia para estudiantes<\/a><\/li><li class=\"elementor-sitemap-item elementor-sitemap-item-page page_item page-item-5012\"><a href=\"https:\/\/www.promine.com\/es\/attendance-webinar-gracias\/\">Attendance Webinar Gracias<\/a><\/li><li class=\"elementor-sitemap-item elementor-sitemap-item-page page_item page-item-5007\"><a href=\"https:\/\/www.promine.com\/es\/attendance-curso-gracias\/\">Attendance Curso Gracias<\/a><\/li><li class=\"elementor-sitemap-item elementor-sitemap-item-page page_item page-item-5002\"><a href=\"https:\/\/www.promine.com\/es\/attendance-contexto-minero-gracias\/\">Attendance Contexto Minero Gracias<\/a><\/li><li class=\"elementor-sitemap-item elementor-sitemap-item-page page_item page-item-4997\"><a href=\"https:\/\/www.promine.com\/es\/reg-webinar-gracias\/\">Registration Webinar Gracias<\/a><\/li><li class=\"elementor-sitemap-item elementor-sitemap-item-page page_item page-item-4985\"><a href=\"https:\/\/www.promine.com\/es\/reg-curso-gracias\/\">Registration Curso Gracias<\/a><\/li><li class=\"elementor-sitemap-item elementor-sitemap-item-page page_item page-item-4980\"><a href=\"https:\/\/www.promine.com\/es\/reg-contexto-minero-gracias\/\">Registration Contexto Minero Gracias<\/a><\/li><li class=\"elementor-sitemap-item elementor-sitemap-item-page page_item page-item-4975\"><a href=\"https:\/\/www.promine.com\/es\/mailchimp-registro-gracias\/\">MAILCHIMP Registration Gracias<\/a><\/li><li class=\"elementor-sitemap-item elementor-sitemap-item-page page_item page-item-2926\"><a href=\"https:\/\/www.promine.com\/es\/obtenga-una-demo\/\">Obtenga una demo<\/a><\/li><li class=\"elementor-sitemap-item elementor-sitemap-item-page page_item page-item-2639\"><a href=\"https:\/\/www.promine.com\/es\/\">Promine | Soluciones para el d\u00eda a d\u00eda minero<\/a><\/li><li class=\"elementor-sitemap-item elementor-sitemap-item-page page_item page-item-2988\"><a href=\"https:\/\/www.promine.com\/es\/servicios\/\">Servicios<\/a><\/li><li class=\"elementor-sitemap-item elementor-sitemap-item-page page_item page-item-2983\"><a href=\"https:\/\/www.promine.com\/es\/productos\/\">Productos<\/a><ul class='children'><li class=\"elementor-sitemap-item elementor-sitemap-item-page page_item page-item-22002\"><a href=\"https:\/\/www.promine.com\/es\/productos\/minebook\/\">Minebook<\/a><\/li><li class=\"elementor-sitemap-item elementor-sitemap-item-page page_item page-item-17615\"><a href=\"https:\/\/www.promine.com\/es\/productos\/progeox\/\">Progeox<\/a><ul class='children'><li class=\"elementor-sitemap-item elementor-sitemap-item-page page_item page-item-17157\"><a href=\"https:\/\/www.promine.com\/es\/productos\/progeox\/progeox-app\/\">Progeox App<\/a><\/li><li class=\"elementor-sitemap-item elementor-sitemap-item-page page_item page-item-3199\"><a href=\"https:\/\/www.promine.com\/es\/productos\/progeox\/progeox-cad\/\">Progeox CAD<\/a><ul class='children'><li class=\"elementor-sitemap-item elementor-sitemap-item-page page_item page-item-3639\"><a href=\"https:\/\/www.promine.com\/es\/productos\/progeox\/progeox-cad\/modulo-de-sondajes-diamantados-y-muestreo-de-canal-2\/\">M\u00f3dulo de Sondajes Diamantados y Muestreo de Canal<\/a><\/li><li class=\"elementor-sitemap-item elementor-sitemap-item-page page_item page-item-3644\"><a href=\"https:\/\/www.promine.com\/es\/productos\/progeox\/progeox-cad\/modulo-de-modelado-de-bloques\/\">M\u00f3dulo de Modelado de Bloques<\/a><\/li><li class=\"elementor-sitemap-item elementor-sitemap-item-page page_item page-item-3649\"><a href=\"https:\/\/www.promine.com\/es\/productos\/progeox\/progeox-cad\/modulo-de-mapeo-de-frentes\/\">M\u00f3dulo de Mapeo de Frentes<\/a><\/li><li class=\"elementor-sitemap-item elementor-sitemap-item-page page_item page-item-3657\"><a href=\"https:\/\/www.promine.com\/es\/productos\/progeox\/progeox-cad\/modulo-de-planificacion-de-sondajes\/\">M\u00f3dulo de Planificaci\u00f3n de Sondajes<\/a><\/li><li class=\"elementor-sitemap-item elementor-sitemap-item-page page_item page-item-3630\"><a href=\"https:\/\/www.promine.com\/es\/productos\/progeox\/progeox-cad\/modulo-de-cartografia-geologica\/\">M\u00f3dulo de Cartograf\u00eda Geol\u00f3gica<\/a><\/li><li class=\"elementor-sitemap-item elementor-sitemap-item-page page_item page-item-3625\"><a href=\"https:\/\/www.promine.com\/es\/productos\/progeox\/progeox-cad\/modulo-de-recursos\/\">M\u00f3dulo de Recursos<\/a><\/li><li class=\"elementor-sitemap-item elementor-sitemap-item-page page_item page-item-3613\"><a href=\"https:\/\/www.promine.com\/es\/productos\/progeox\/progeox-cad\/modulo-de-geoestadistica\/\">M\u00f3dulo de Geoestad\u00edstica<\/a><\/li><\/ul><\/li><\/ul><\/li><li class=\"elementor-sitemap-item elementor-sitemap-item-page page_item page-item-14073\"><a href=\"https:\/\/www.promine.com\/es\/productos\/proviz\/\">Proviz<\/a><\/li><li class=\"elementor-sitemap-item elementor-sitemap-item-page page_item page-item-3180\"><a href=\"https:\/\/www.promine.com\/es\/productos\/topografia\/\">Topograf\u00eda<\/a><ul class='children'><li class=\"elementor-sitemap-item elementor-sitemap-item-page page_item page-item-3605\"><a href=\"https:\/\/www.promine.com\/es\/productos\/topografia\/modulo-de-topografia-en-tiempo-real\/\">M\u00f3dulo de Topograf\u00eda en Tiempo Real<\/a><\/li><li class=\"elementor-sitemap-item elementor-sitemap-item-page page_item page-item-3600\"><a href=\"https:\/\/www.promine.com\/es\/productos\/topografia\/modulo-de-cinta-y-brujula\/\">M\u00f3dulo de Cinta y Br\u00fajula<\/a><\/li><li class=\"elementor-sitemap-item elementor-sitemap-item-page page_item page-item-3591\"><a href=\"https:\/\/www.promine.com\/es\/productos\/topografia\/modulo-de-topografia\/\">M\u00f3dulo de Topograf\u00eda<\/a><\/li><\/ul><\/li><li class=\"elementor-sitemap-item elementor-sitemap-item-page page_item page-item-3161\"><a href=\"https:\/\/www.promine.com\/es\/productos\/ingenieria\/\">Ingenier\u00eda<\/a><ul class='children'><li class=\"elementor-sitemap-item elementor-sitemap-item-page page_item page-item-3688\"><a href=\"https:\/\/www.promine.com\/es\/productos\/ingenieria\/modulo-de-mecanica-de-rocas\/\">M\u00f3dulo de Mec\u00e1nica de Rocas<\/a><\/li><li class=\"elementor-sitemap-item elementor-sitemap-item-page page_item page-item-3682\"><a href=\"https:\/\/www.promine.com\/es\/productos\/ingenieria\/modulo-de-proximidad\/\">M\u00f3dulo de Proximidad<\/a><\/li><li class=\"elementor-sitemap-item elementor-sitemap-item-page page_item page-item-3698\"><a href=\"https:\/\/www.promine.com\/es\/productos\/ingenieria\/modulo-de-diseno-de-rebajes\/\">M\u00f3dulo de Dise\u00f1o de Rebajes<\/a><\/li><li class=\"elementor-sitemap-item elementor-sitemap-item-page page_item page-item-3754\"><a href=\"https:\/\/www.promine.com\/es\/productos\/ingenieria\/modulo-de-perforacion-y-voladura-de-superficies\/\">M\u00f3dulo de Perforaci\u00f3n y Voladura de Superficies<\/a><\/li><li class=\"elementor-sitemap-item elementor-sitemap-item-page page_item page-item-3736\"><a href=\"https:\/\/www.promine.com\/es\/productos\/ingenieria\/modulo-de-planeacion-minera\/\">M\u00f3dulo de Planeaci\u00f3n Minera<\/a><\/li><li class=\"elementor-sitemap-item elementor-sitemap-item-page page_item page-item-3759\"><a href=\"https:\/\/www.promine.com\/es\/productos\/ingenieria\/modulo-de-perforacion-y-voladura-de-galerias\/\">M\u00f3dulo de Perforaci\u00f3n Y Voladura de Galer\u00edas<\/a><\/li><li class=\"elementor-sitemap-item elementor-sitemap-item-page page_item page-item-3703\"><a href=\"https:\/\/www.promine.com\/es\/productos\/ingenieria\/modulo-de-diseno-de-contrapozos\/\">M\u00f3dulo de Dise\u00f1o de Contrapozos<\/a><\/li><li class=\"elementor-sitemap-item elementor-sitemap-item-page page_item page-item-3749\"><a href=\"https:\/\/www.promine.com\/es\/productos\/ingenieria\/modulo-de-perforacion-y-voladura-subterranea\/\">M\u00f3dulo de Perforaci\u00f3n y Voladura Subterr\u00e1nea<\/a><\/li><li class=\"elementor-sitemap-item elementor-sitemap-item-page page_item page-item-3744\"><a href=\"https:\/\/www.promine.com\/es\/productos\/ingenieria\/modulo-de-diseno-de-obras\/\">M\u00f3dulo de Dise\u00f1o de Obras<\/a><\/li><li class=\"elementor-sitemap-item elementor-sitemap-item-page page_item page-item-3677\"><a href=\"https:\/\/www.promine.com\/es\/productos\/ingenieria\/modulo-de-dilucion-2\/\">M\u00f3dulo de Diluci\u00f3n<\/a><\/li><\/ul><\/li><li class=\"elementor-sitemap-item elementor-sitemap-item-page page_item page-item-3144\"><a href=\"https:\/\/www.promine.com\/es\/productos\/modelizacion\/\">Modelizaci\u00f3n<\/a><ul class='children'><li class=\"elementor-sitemap-item elementor-sitemap-item-page page_item page-item-3583\"><a href=\"https:\/\/www.promine.com\/es\/productos\/modelizacion\/modulo-de-nubes-de-puntos\/\">M\u00f3dulo de Nubes de Puntos<\/a><\/li><li class=\"elementor-sitemap-item elementor-sitemap-item-page page_item page-item-3578\"><a href=\"https:\/\/www.promine.com\/es\/productos\/modelizacion\/modulo-de-contrapozos-3d\/\">M\u00f3dulo de Contrapozos 3D<\/a><\/li><li class=\"elementor-sitemap-item elementor-sitemap-item-page page_item page-item-3572\"><a href=\"https:\/\/www.promine.com\/es\/productos\/modelizacion\/modulo-de-camaras-y-pilares\/\">M\u00f3dulo de C\u00e1maras y Pilares<\/a><\/li><li class=\"elementor-sitemap-item elementor-sitemap-item-page page_item page-item-3566\"><a href=\"https:\/\/www.promine.com\/es\/productos\/modelizacion\/modulo-de-modelizacion-3d\/\">M\u00f3dulo de Modelizaci\u00f3n 3D<\/a><\/li><li class=\"elementor-sitemap-item elementor-sitemap-item-page page_item page-item-3560\"><a href=\"https:\/\/www.promine.com\/es\/productos\/modelizacion\/modulo-de-bancos-3d-2\/\">M\u00f3dulo de Bancos 3D<\/a><\/li><li class=\"elementor-sitemap-item elementor-sitemap-item-page page_item page-item-3531\"><a href=\"https:\/\/www.promine.com\/es\/productos\/modelizacion\/modulo-de-solidos\/\">M\u00f3dulo de S\u00f3lidos<\/a><\/li><li class=\"elementor-sitemap-item elementor-sitemap-item-page page_item page-item-3517\"><a href=\"https:\/\/www.promine.com\/es\/productos\/modelizacion\/modulo-de-superficies\/\">M\u00f3dulo de Superficies<\/a><\/li><li class=\"elementor-sitemap-item elementor-sitemap-item-page page_item page-item-3491\"><a href=\"https:\/\/www.promine.com\/es\/productos\/modelizacion\/modulo-de-obras-3d\/\">M\u00f3dulo de Obras 3D<\/a><\/li><\/ul><\/li><li class=\"elementor-sitemap-item elementor-sitemap-item-page page_item page-item-3120\"><a href=\"https:\/\/www.promine.com\/es\/productos\/gestion-de-proyectos\/\">Gesti\u00f3n de Proyectos<\/a><ul class='children'><li class=\"elementor-sitemap-item elementor-sitemap-item-page page_item page-item-3399\"><a href=\"https:\/\/www.promine.com\/es\/productos\/gestion-de-proyectos\/modulo-de-herramientas\/\">M\u00f3dulo de Herramientas<\/a><\/li><li class=\"elementor-sitemap-item elementor-sitemap-item-page page_item page-item-3381\"><a href=\"https:\/\/www.promine.com\/es\/productos\/gestion-de-proyectos\/modulo-de-libreria\/\">M\u00f3dulo de Librer\u00eda<\/a><\/li><li class=\"elementor-sitemap-item elementor-sitemap-item-page page_item page-item-3372\"><a href=\"https:\/\/www.promine.com\/es\/productos\/gestion-de-proyectos\/modulo-de-interfaz\/\">M\u00f3dulo de Interfaz<\/a><\/li><li class=\"elementor-sitemap-item elementor-sitemap-item-page page_item page-item-3357\"><a href=\"https:\/\/www.promine.com\/es\/productos\/gestion-de-proyectos\/modulo-de-secciones\/\">M\u00f3dulo de Secciones<\/a><\/li><li class=\"elementor-sitemap-item elementor-sitemap-item-page page_item page-item-3240\"><a href=\"https:\/\/www.promine.com\/es\/productos\/gestion-de-proyectos\/modulo-de-cuadriculas\/\">M\u00f3dulo de Cuadr\u00edculas<\/a><\/li><li class=\"elementor-sitemap-item elementor-sitemap-item-page page_item page-item-3224\"><a href=\"https:\/\/www.promine.com\/es\/productos\/gestion-de-proyectos\/modulo-de-archivo\/\">M\u00f3dulo de Archivo<\/a><\/li><\/ul><\/li><\/ul><\/li><li class=\"elementor-sitemap-item elementor-sitemap-item-page page_item page-item-2657\"><a href=\"https:\/\/www.promine.com\/es\/sobre-nosotros\/\">Sobre Nosotros<\/a><ul class='children'><li class=\"elementor-sitemap-item elementor-sitemap-item-page page_item page-item-9329\"><a href=\"https:\/\/www.promine.com\/es\/sobre-nosotros\/academica\/\">Acad\u00e9mica<\/a><ul class='children'><li class=\"elementor-sitemap-item elementor-sitemap-item-page page_item page-item-12231\"><a href=\"https:\/\/www.promine.com\/es\/sobre-nosotros\/academica\/semillero\/\">Semillero<\/a><\/li><li class=\"elementor-sitemap-item elementor-sitemap-item-page page_item page-item-9378\"><a href=\"https:\/\/www.promine.com\/es\/sobre-nosotros\/academica\/inscribete-aqui-academica\/\">Inscr\u00edbete Aqu\u00ed &#8211; Acad\u00e9mica<\/a><\/li><\/ul><\/li><li class=\"elementor-sitemap-item elementor-sitemap-item-page page_item page-item-2901\"><a href=\"https:\/\/www.promine.com\/es\/sobre-nosotros\/preguntas-frecuentes\/\">Preguntas Frecuentes<\/a><ul class='children'><li class=\"elementor-sitemap-item elementor-sitemap-item-page page_item page-item-2914\"><a href=\"https:\/\/www.promine.com\/es\/sobre-nosotros\/preguntas-frecuentes\/terminos-de-servicio\/\">T\u00e9rminos de Servicio<\/a><\/li><\/ul><\/li><li class=\"elementor-sitemap-item elementor-sitemap-item-page page_item page-item-2909\"><a href=\"https:\/\/www.promine.com\/es\/sobre-nosotros\/carreras\/\">Carreras<\/a><\/li><li class=\"elementor-sitemap-item elementor-sitemap-item-page page_item page-item-2893\"><a href=\"https:\/\/www.promine.com\/es\/sobre-nosotros\/alianzas-comerciales\/\">Alianzas Comerciales<\/a><\/li><\/ul><\/li><li class=\"elementor-sitemap-item elementor-sitemap-item-page page_item page-item-21159\"><a href=\"https:\/\/www.promine.com\/es\/contenido\/programas-mineros\/programa-minero-topografia-en-tiempo-real\/\">Programa Minero Topograf\u00eda en Tiempo Real<\/a><\/li><li class=\"elementor-sitemap-item elementor-sitemap-item-page page_item page-item-20471\"><a href=\"https:\/\/www.promine.com\/es\/contenido\/programas-mineros\/perforacion-y-voladura\/\">Perforaci\u00f3n y Voladura<\/a><\/li><li class=\"elementor-sitemap-item elementor-sitemap-item-page page_item page-item-18896\"><a href=\"https:\/\/www.promine.com\/es\/contenido\/programas-mineros\/curso-de-planificacion-y-optimizacion-minera\/\">Curso de Planificaci\u00f3n y Optimizaci\u00f3n Minera<\/a><\/li><li class=\"elementor-sitemap-item elementor-sitemap-item-page page_item page-item-15730\"><a href=\"https:\/\/www.promine.com\/es\/contenido\/programas-mineros\/mujeres-en-la-industria-minera\/\">Mujeres en la Industria Minera<\/a><\/li><li class=\"elementor-sitemap-item elementor-sitemap-item-page page_item page-item-13149\"><a href=\"https:\/\/www.promine.com\/es\/contenido\/programas-mineros\/costos-en-la-industria-minera\/\">Costos en la Industria Minera<\/a><\/li><li class=\"elementor-sitemap-item elementor-sitemap-item-page page_item page-item-2945\"><a href=\"https:\/\/www.promine.com\/es\/contenido\/programas-mineros\/ddb\/\">DDB<\/a><\/li><\/ul><\/div><\/div>\t\t\t\t<\/div>\n\t\t\t\t<\/div>\n\t\t\t\t\t<\/div>\n\t\t\t\t<\/div>\n\t\t\t\t<\/div>\n\t\t","protected":false},"excerpt":{"rendered":"<p>Mapa del Sitio<\/p>\n","protected":false},"author":3,"featured_media":0,"parent":0,"menu_order":0,"comment_status":"closed","ping_status":"closed","template":"","meta":{"_acf_changed":false,"footnotes":""},"class_list":["post-18085","page","type-page","status-publish","hentry"],"acf":[],"yoast_head":"<!-- This site is optimized with the Yoast SEO plugin v24.0 - https:\/\/yoast.com\/wordpress\/plugins\/seo\/ -->\n<title>Mapa del Sitio - Promine<\/title>\n<meta name=\"robots\" content=\"index, follow, max-snippet:-1, max-image-preview:large, max-video-preview:-1\" \/>\n<link rel=\"canonical\" href=\"https:\/\/www.promine.com\/es\/mapa-del-sitio\/\" \/>\n<meta property=\"og:locale\" content=\"es_ES\" \/>\n<meta property=\"og:type\" content=\"article\" \/>\n<meta property=\"og:title\" content=\"Mapa del Sitio - Promine\" \/>\n<meta property=\"og:description\" content=\"Mapa del Sitio\" \/>\n<meta property=\"og:url\" content=\"https:\/\/www.promine.com\/es\/mapa-del-sitio\/\" \/>\n<meta property=\"og:site_name\" content=\"Promine\" \/>\n<meta property=\"article:publisher\" content=\"https:\/\/www.facebook.com\/promineinc\/\" \/>\n<meta property=\"article:modified_time\" content=\"2023-04-03T19:26:50+00:00\" \/>\n<meta name=\"twitter:card\" content=\"summary_large_image\" \/>\n<meta name=\"twitter:label1\" content=\"Tiempo de lectura\" \/>\n\t<meta name=\"twitter:data1\" content=\"2 minutos\" \/>\n<script type=\"application\/ld+json\" class=\"yoast-schema-graph\">{\"@context\":\"https:\/\/schema.org\",\"@graph\":[{\"@type\":\"WebPage\",\"@id\":\"https:\/\/www.promine.com\/es\/mapa-del-sitio\/\",\"url\":\"https:\/\/www.promine.com\/es\/mapa-del-sitio\/\",\"name\":\"Mapa del Sitio - Promine\",\"isPartOf\":{\"@id\":\"https:\/\/www.promine.com\/es\/#website\"},\"datePublished\":\"2023-04-03T17:15:59+00:00\",\"dateModified\":\"2023-04-03T19:26:50+00:00\",\"breadcrumb\":{\"@id\":\"https:\/\/www.promine.com\/es\/mapa-del-sitio\/#breadcrumb\"},\"inLanguage\":\"es\",\"potentialAction\":[{\"@type\":\"ReadAction\",\"target\":[\"https:\/\/www.promine.com\/es\/mapa-del-sitio\/\"]}]},{\"@type\":\"BreadcrumbList\",\"@id\":\"https:\/\/www.promine.com\/es\/mapa-del-sitio\/#breadcrumb\",\"itemListElement\":[{\"@type\":\"ListItem\",\"position\":1,\"name\":\"Home\",\"item\":\"https:\/\/www.promine.com\/es\/\"},{\"@type\":\"ListItem\",\"position\":2,\"name\":\"Mapa del Sitio\"}]},{\"@type\":\"WebSite\",\"@id\":\"https:\/\/www.promine.com\/es\/#website\",\"url\":\"https:\/\/www.promine.com\/es\/\",\"name\":\"Promine\",\"description\":\"Solutions for Everyday Mining\",\"publisher\":{\"@id\":\"https:\/\/www.promine.com\/es\/#organization\"},\"potentialAction\":[{\"@type\":\"SearchAction\",\"target\":{\"@type\":\"EntryPoint\",\"urlTemplate\":\"https:\/\/www.promine.com\/es\/?s={search_term_string}\"},\"query-input\":{\"@type\":\"PropertyValueSpecification\",\"valueRequired\":true,\"valueName\":\"search_term_string\"}}],\"inLanguage\":\"es\"},{\"@type\":\"Organization\",\"@id\":\"https:\/\/www.promine.com\/es\/#organization\",\"name\":\"Promine\",\"url\":\"https:\/\/www.promine.com\/es\/\",\"logo\":{\"@type\":\"ImageObject\",\"inLanguage\":\"es\",\"@id\":\"https:\/\/www.promine.com\/es\/#\/schema\/logo\/image\/\",\"url\":\"https:\/\/www.promine.com\/wp-content\/uploads\/2022\/06\/Promine_Solo_Original_PNG.png\",\"contentUrl\":\"https:\/\/www.promine.com\/wp-content\/uploads\/2022\/06\/Promine_Solo_Original_PNG.png\",\"width\":3576,\"height\":407,\"caption\":\"Promine\"},\"image\":{\"@id\":\"https:\/\/www.promine.com\/es\/#\/schema\/logo\/image\/\"},\"sameAs\":[\"https:\/\/www.facebook.com\/promineinc\/\"]}]}<\/script>\n<!-- \/ Yoast SEO plugin. -->","yoast_head_json":{"title":"Mapa del Sitio - Promine","robots":{"index":"index","follow":"follow","max-snippet":"max-snippet:-1","max-image-preview":"max-image-preview:large","max-video-preview":"max-video-preview:-1"},"canonical":"https:\/\/www.promine.com\/es\/mapa-del-sitio\/","og_locale":"es_ES","og_type":"article","og_title":"Mapa del Sitio - Promine","og_description":"Mapa del Sitio","og_url":"https:\/\/www.promine.com\/es\/mapa-del-sitio\/","og_site_name":"Promine","article_publisher":"https:\/\/www.facebook.com\/promineinc\/","article_modified_time":"2023-04-03T19:26:50+00:00","twitter_card":"summary_large_image","twitter_misc":{"Tiempo de lectura":"2 minutos"},"schema":{"@context":"https:\/\/schema.org","@graph":[{"@type":"WebPage","@id":"https:\/\/www.promine.com\/es\/mapa-del-sitio\/","url":"https:\/\/www.promine.com\/es\/mapa-del-sitio\/","name":"Mapa del Sitio - Promine","isPartOf":{"@id":"https:\/\/www.promine.com\/es\/#website"},"datePublished":"2023-04-03T17:15:59+00:00","dateModified":"2023-04-03T19:26:50+00:00","breadcrumb":{"@id":"https:\/\/www.promine.com\/es\/mapa-del-sitio\/#breadcrumb"},"inLanguage":"es","potentialAction":[{"@type":"ReadAction","target":["https:\/\/www.promine.com\/es\/mapa-del-sitio\/"]}]},{"@type":"BreadcrumbList","@id":"https:\/\/www.promine.com\/es\/mapa-del-sitio\/#breadcrumb","itemListElement":[{"@type":"ListItem","position":1,"name":"Home","item":"https:\/\/www.promine.com\/es\/"},{"@type":"ListItem","position":2,"name":"Mapa del Sitio"}]},{"@type":"WebSite","@id":"https:\/\/www.promine.com\/es\/#website","url":"https:\/\/www.promine.com\/es\/","name":"Promine","description":"Solutions for Everyday Mining","publisher":{"@id":"https:\/\/www.promine.com\/es\/#organization"},"potentialAction":[{"@type":"SearchAction","target":{"@type":"EntryPoint","urlTemplate":"https:\/\/www.promine.com\/es\/?s={search_term_string}"},"query-input":{"@type":"PropertyValueSpecification","valueRequired":true,"valueName":"search_term_string"}}],"inLanguage":"es"},{"@type":"Organization","@id":"https:\/\/www.promine.com\/es\/#organization","name":"Promine","url":"https:\/\/www.promine.com\/es\/","logo":{"@type":"ImageObject","inLanguage":"es","@id":"https:\/\/www.promine.com\/es\/#\/schema\/logo\/image\/","url":"https:\/\/www.promine.com\/wp-content\/uploads\/2022\/06\/Promine_Solo_Original_PNG.png","contentUrl":"https:\/\/www.promine.com\/wp-content\/uploads\/2022\/06\/Promine_Solo_Original_PNG.png","width":3576,"height":407,"caption":"Promine"},"image":{"@id":"https:\/\/www.promine.com\/es\/#\/schema\/logo\/image\/"},"sameAs":["https:\/\/www.facebook.com\/promineinc\/"]}]}},"_links":{"self":[{"href":"https:\/\/www.promine.com\/es\/wp-json\/wp\/v2\/pages\/18085","targetHints":{"allow":["GET"]}}],"collection":[{"href":"https:\/\/www.promine.com\/es\/wp-json\/wp\/v2\/pages"}],"about":[{"href":"https:\/\/www.promine.com\/es\/wp-json\/wp\/v2\/types\/page"}],"author":[{"embeddable":true,"href":"https:\/\/www.promine.com\/es\/wp-json\/wp\/v2\/users\/3"}],"replies":[{"embeddable":true,"href":"https:\/\/www.promine.com\/es\/wp-json\/wp\/v2\/comments?post=18085"}],"version-history":[{"count":7,"href":"https:\/\/www.promine.com\/es\/wp-json\/wp\/v2\/pages\/18085\/revisions"}],"predecessor-version":[{"id":18093,"href":"https:\/\/www.promine.com\/es\/wp-json\/wp\/v2\/pages\/18085\/revisions\/18093"}],"wp:attachment":[{"href":"https:\/\/www.promine.com\/es\/wp-json\/wp\/v2\/media?parent=18085"}],"curies":[{"name":"wp","href":"https:\/\/api.w.org\/{rel}","templated":true}]}}